{"id":745,"date":"2016-03-10T18:51:46","date_gmt":"2016-03-10T18:51:46","guid":{"rendered":"http:\/\/demo06.houzez.co\/?page_id=745"},"modified":"2025-09-18T21:51:58","modified_gmt":"2025-09-18T21:51:58","slug":"zasady-i-warunki","status":"publish","type":"page","link":"https:\/\/albatrostenerife.com\/pl\/terms-and-conditions\/","title":{"rendered":"Zasady i warunki"},"content":{"rendered":"<h1>Zasady i warunki<\/h1>\n<p>\u00a0<\/p>\n<p><strong>1. Wprowadzenie<\/strong><br \/>Uzyskuj\u0105c dost\u0119p do tej witryny i korzystaj\u0105c z niej, u\u017cytkownik wyra\u017ca zgod\u0119 na przestrzeganie niniejszych Warunk\u00f3w. Je\u015bli nie wyra\u017casz zgody, nie korzystaj z tej witryny.<\/p>\n<p>\u00a0<\/p>\n<p><strong>2. \u015awiadczone us\u0142ugi<\/strong><br \/>Ta strona internetowa zawiera informacje o ofertach nieruchomo\u015bci, powi\u0105zanych us\u0142ugach i innych tre\u015bciach. Zastrzegamy sobie prawo do modyfikowania lub zaprzestania dowolnej cz\u0119\u015bci witryny bez wcze\u015bniejszego powiadomienia.<\/p>\n<p>\u00a0<\/p>\n<p><strong>3. Korzystanie z witryny internetowej<\/strong><br \/>U\u017cytkownik zgadza si\u0119 korzysta\u0107 z tej witryny wy\u0142\u0105cznie w celach zgodnych z prawem i w spos\u00f3b, kt\u00f3ry nie narusza praw innych os\u00f3b ani nie ogranicza korzystania przez nie z witryny.<\/p>\n<p>\u00a0<\/p>\n<p><strong>4. Odpowiedzialno\u015b\u0107<\/strong><br \/>Dok\u0142adamy wszelkich stara\u0144, aby dostarczane informacje by\u0142y dok\u0142adne i aktualne. Nie gwarantujemy jednak kompletno\u015bci, dok\u0142adno\u015bci ani wiarygodno\u015bci tre\u015bci. U\u017cytkownik korzysta z witryny na w\u0142asne ryzyko.<\/p>\n<p>\u00a0<\/p>\n<p><strong>5. Linki stron trzecich<\/strong><br \/>Niniejsza witryna mo\u017ce zawiera\u0107 \u0142\u0105cza do witryn zewn\u0119trznych. Nie ponosimy odpowiedzialno\u015bci za tre\u015b\u0107, praktyki dotycz\u0105ce prywatno\u015bci ani polityk\u0119 tych witryn stron trzecich.<\/p>\n<p>\u00a0<\/p>\n<p><strong>6. W\u0142asno\u015b\u0107 intelektualna<\/strong><br \/>Ca\u0142a zawarto\u015b\u0107 tej witryny, w tym tekst, obrazy i logo, jest w\u0142asno\u015bci\u0105 w\u0142a\u015bciciela witryny lub jego licencjodawc\u00f3w i jest chroniona prawami autorskimi i prawami w\u0142asno\u015bci intelektualnej.<\/p>\n<p>\u00a0<\/p>\n<p><strong>7. Prywatno\u015b\u0107<\/strong><br \/>Korzystanie z tej witryny podlega r\u00f3wnie\u017c naszej Polityce prywatno\u015bci, kt\u00f3ra wyja\u015bnia, w jaki spos\u00f3b gromadzimy i wykorzystujemy dane osobowe.<\/p>\n<p>\u00a0<\/p>\n<p><strong>8. Zmiany warunk\u00f3w<\/strong><br \/>Mo\u017cemy aktualizowa\u0107 niniejszy Regulamin w dowolnym momencie. Zmiany wchodz\u0105 w \u017cycie natychmiast po ich opublikowaniu na tej stronie.<\/p>\n<p>\u00a0<\/p>\n<p><strong>9. Prawo w\u0142a\u015bciwe<\/strong><br \/>Niniejsze Warunki podlegaj\u0105 prawu hiszpa\u0144skiemu. Wszelkie spory b\u0119d\u0105 rozstrzygane przez w\u0142a\u015bciwe s\u0105dy w Santa Cruz de Tenerife.<\/p>\n<p>\u00a0<\/p>\n<p><strong>10. Kontakt<\/strong><br \/>W przypadku jakichkolwiek pyta\u0144 dotycz\u0105cych niniejszego Regulaminu prosimy o kontakt pod adresem: <a href=\"mailto:info@albatrostenerife.com\">info@albatrostenerife.com<\/a><\/p>\n<p>\u00a0<\/p>\n<p>\u00a0<\/p>","protected":false},"excerpt":{"rendered":"<p>Terms and Conditions \u00a0 1. IntroductionBy accessing and using this website, you agree to comply with these Terms and Conditions. If you do not agree, please do not use this website. \u00a0 2. Services ProvidedThis website provides information about real estate listings, related services, and other content. We reserve the right to modify or discontinue [&hellip;]<\/p>\n","protected":false},"author":1,"featured_media":0,"parent":0,"menu_order":0,"comment_status":"closed","ping_status":"closed","template":"","meta":{"_seopress_robots_primary_cat":"","_seopress_titles_title":"","_seopress_titles_desc":"","_seopress_robots_index":"yes","footnotes":""},"class_list":["post-745","page","type-page","status-publish","hentry"],"_links":{"self":[{"href":"https:\/\/albatrostenerife.com\/pl\/wp-json\/wp\/v2\/pages\/745","targetHints":{"allow":["GET"]}}],"collection":[{"href":"https:\/\/albatrostenerife.com\/pl\/wp-json\/wp\/v2\/pages"}],"about":[{"href":"https:\/\/albatrostenerife.com\/pl\/wp-json\/wp\/v2\/types\/page"}],"author":[{"embeddable":true,"href":"https:\/\/albatrostenerife.com\/pl\/wp-json\/wp\/v2\/users\/1"}],"replies":[{"embeddable":true,"href":"https:\/\/albatrostenerife.com\/pl\/wp-json\/wp\/v2\/comments?post=745"}],"version-history":[{"count":7,"href":"https:\/\/albatrostenerife.com\/pl\/wp-json\/wp\/v2\/pages\/745\/revisions"}],"predecessor-version":[{"id":4439,"href":"https:\/\/albatrostenerife.com\/pl\/wp-json\/wp\/v2\/pages\/745\/revisions\/4439"}],"wp:attachment":[{"href":"https:\/\/albatrostenerife.com\/pl\/wp-json\/wp\/v2\/media?parent=745"}],"curies":[{"name":"wp","href":"https:\/\/api.w.org\/{rel}","templated":true}]}}