{"id":2936,"date":"2025-09-08T08:12:47","date_gmt":"2025-09-08T08:12:47","guid":{"rendered":"https:\/\/albatrostenerife.com\/?page_id=2936"},"modified":"2025-09-18T20:56:00","modified_gmt":"2025-09-18T20:56:00","slug":"sprava-pronajmu","status":"publish","type":"page","link":"https:\/\/albatrostenerife.com\/cs\/rental-management\/","title":{"rendered":"Spr\u00e1va pron\u00e1jmu"},"content":{"rendered":"<div data-elementor-type=\"wp-page\" data-elementor-id=\"2936\" class=\"elementor elementor-2936\">\n\t\t\t\t\t\t<section class=\"elementor-section elementor-top-section elementor-element elementor-element-7e41a83f elementor-section-height-min-height elementor-section-items-bottom elementor-section-stretched elementor-section-full_width elementor-section-height-default\" data-id=\"7e41a83f\" data-element_type=\"section\" data-e-type=\"section\" data-settings=\"{&quot;background_background&quot;:&quot;classic&quot;,&quot;stretch_section&quot;:&quot;section-stretched&quot;,&quot;animation&quot;:&quot;none&quot;}\">\n\t\t\t\t\t\t\t<div class=\"elementor-background-overlay\"><\/div>\n\t\t\t\t\t\t\t<div class=\"elementor-container elementor-column-gap-default\">\n\t\t\t\t\t<div class=\"elementor-column elementor-col-100 elementor-top-column elementor-element elementor-element-18afc3ed\" data-id=\"18afc3ed\" data-element_type=\"column\" data-e-type=\"column\">\n\t\t\t<div class=\"elementor-widget-wrap elementor-element-populated\">\n\t\t\t\t\t\t<section class=\"elementor-section elementor-inner-section elementor-element elementor-element-6eb976d8 elementor-section-boxed elementor-section-height-default elementor-section-height-default elementor-invisible\" data-id=\"6eb976d8\" data-element_type=\"section\" data-e-type=\"section\" data-settings=\"{&quot;animation&quot;:&quot;fadeIn&quot;}\">\n\t\t\t\t\t\t<div class=\"elementor-container elementor-column-gap-default\">\n\t\t\t\t\t<div class=\"elementor-column elementor-col-100 elementor-inner-column elementor-element elementor-element-6e24784e\" data-id=\"6e24784e\" data-element_type=\"column\" data-e-type=\"column\">\n\t\t\t<div class=\"elementor-widget-wrap elementor-element-populated\">\n\t\t\t\t\t\t<div class=\"elementor-element elementor-element-6a7a7747 elementor-widget elementor-widget-houzez_elementor_section_title\" data-id=\"6a7a7747\" data-element_type=\"widget\" data-e-type=\"widget\" data-widget_type=\"houzez_elementor_section_title.default\">\n\t\t\t\t<div class=\"elementor-widget-container\">\n\t\t\t\t\t            <div class=\"houzez_section_title_wrap section-title-module\">\n                                    <h2 class=\"houzez_section_title\">Najd\u011bte spr\u00e1vce pron\u00e1jmu<\/h2>\n                \n                                    <p class=\"houzez_section_subtitle\">Park albatros nemovitosti<\/p>\n                            <\/div>\n            \t\t\t\t<\/div>\n\t\t\t\t<\/div>\n\t\t\t\t\t<\/div>\n\t\t<\/div>\n\t\t\t\t\t<\/div>\n\t\t<\/section>\n\t\t\t\t<div class=\"elementor-element elementor-element-602824ed elementor-widget elementor-widget-houzez_elementor_space\" data-id=\"602824ed\" data-element_type=\"widget\" data-e-type=\"widget\" data-widget_type=\"houzez_elementor_space.default\">\n\t\t\t\t<div class=\"elementor-widget-container\">\n\t\t\t\t\t        <div class=\"houzez-spacer\">\n            <div class=\"houzez-spacer-inner\"><\/div>\n        <\/div>\n        \t\t\t\t<\/div>\n\t\t\t\t<\/div>\n\t\t\t\t<section class=\"elementor-section elementor-inner-section elementor-element elementor-element-6ea1e645 elementor-section-boxed elementor-section-height-default elementor-section-height-default\" data-id=\"6ea1e645\" data-element_type=\"section\" data-e-type=\"section\">\n\t\t\t\t\t\t<div class=\"elementor-container elementor-column-gap-default\">\n\t\t\t\t\t<div class=\"elementor-column elementor-col-100 elementor-inner-column elementor-element elementor-element-55f92e58\" data-id=\"55f92e58\" data-element_type=\"column\" data-e-type=\"column\">\n\t\t\t<div class=\"elementor-widget-wrap elementor-element-populated\">\n\t\t\t\t\t\t<div class=\"elementor-element elementor-element-20fa89ab elementor-widget elementor-widget-spacer\" data-id=\"20fa89ab\" data-element_type=\"widget\" data-e-type=\"widget\" data-widget_type=\"spacer.default\">\n\t\t\t\t\t\t\t<div class=\"elementor-spacer\">\n\t\t\t<div class=\"elementor-spacer-inner\"><\/div>\n\t\t<\/div>\n\t\t\t\t\t\t<\/div>\n\t\t\t\t\t<\/div>\n\t\t<\/div>\n\t\t\t\t\t<\/div>\n\t\t<\/section>\n\t\t\t\t\t<\/div>\n\t\t<\/div>\n\t\t\t\t\t<\/div>\n\t\t<\/section>\n\t\t\t\t<section class=\"elementor-section elementor-top-section elementor-element elementor-element-38d1747d elementor-section-stretched elementor-section-boxed elementor-section-height-default elementor-section-height-default elementor-invisible\" data-id=\"38d1747d\" data-element_type=\"section\" data-e-type=\"section\" id=\"about\" data-settings=\"{&quot;stretch_section&quot;:&quot;section-stretched&quot;,&quot;background_background&quot;:&quot;classic&quot;,&quot;animation&quot;:&quot;fadeIn&quot;}\">\n\t\t\t\t\t\t<div class=\"elementor-container elementor-column-gap-default\">\n\t\t\t\t\t<div class=\"elementor-column elementor-col-100 elementor-top-column elementor-element elementor-element-22b396fa\" data-id=\"22b396fa\" data-element_type=\"column\" data-e-type=\"column\">\n\t\t\t<div class=\"elementor-widget-wrap elementor-element-populated\">\n\t\t\t\t\t\t<section class=\"elementor-section elementor-inner-section elementor-element elementor-element-3231d66b elementor-section-content-middle elementor-section-boxed elementor-section-height-default elementor-section-height-default\" data-id=\"3231d66b\" data-element_type=\"section\" data-e-type=\"section\">\n\t\t\t\t\t\t<div class=\"elementor-container elementor-column-gap-wider\">\n\t\t\t\t\t<div class=\"elementor-column elementor-col-100 elementor-inner-column elementor-element elementor-element-4936fe19\" data-id=\"4936fe19\" data-element_type=\"column\" data-e-type=\"column\">\n\t\t\t<div class=\"elementor-widget-wrap elementor-element-populated\">\n\t\t\t\t\t\t<div class=\"elementor-element elementor-element-4926e55 elementor-widget elementor-widget-houzez_elementor_section_title\" data-id=\"4926e55\" data-element_type=\"widget\" data-e-type=\"widget\" data-widget_type=\"houzez_elementor_section_title.default\">\n\t\t\t\t<div class=\"elementor-widget-container\">\n\t\t\t\t\t            <div class=\"houzez_section_title_wrap section-title-module\">\n                                    <h2 class=\"houzez_section_title\">Spr\u00e1vn\u00e1 spr\u00e1va pron\u00e1jmu - bez starost\u00ed!<\/h2>\n                \n                                    <p class=\"houzez_section_subtitle\">Na\u0161e odbornost, va\u0161e v\u00fdhoda<\/p>\n                            <\/div>\n            \t\t\t\t<\/div>\n\t\t\t\t<\/div>\n\t\t\t\t<div class=\"elementor-element elementor-element-3558f603 elementor-widget elementor-widget-text-editor\" data-id=\"3558f603\" data-element_type=\"widget\" data-e-type=\"widget\" data-widget_type=\"text-editor.default\">\n\t\t\t\t\t\t\t\t\t<p data-start=\"185\" data-end=\"345\">Najdeme perfektn\u00ed <strong data-start=\"266\" data-end=\"295\">spole\u010dnost zab\u00fdvaj\u00edc\u00ed se spr\u00e1vou pron\u00e1jmu<\/strong> pro v\u00e1s! Spoj\u00edme va\u0161i nemovitost s d\u016fv\u011bryhodn\u00fdm a spolehliv\u00fdm partnerem, abychom zajistili. <strong data-start=\"371\" data-end=\"415\">st\u00e1l\u00fd p\u0159\u00edjem a \u0159\u00edzen\u00ed bez stresu<\/strong> - od rezervac\u00ed a\u017e po \u00fadr\u017ebu.<\/p><p data-start=\"456\" data-end=\"759\"><strong data-start=\"456\" data-end=\"472\">Jak to funguje<\/strong><\/p><p data-start=\"456\" data-end=\"759\">\u2705 <strong data-start=\"477\" data-end=\"525\">Vyb\u00edr\u00e1me nejlep\u0161\u00ed spole\u010dnost pro spr\u00e1vu pron\u00e1jmu<\/strong> na z\u00e1klad\u011b va\u0161ich pot\u0159eb.<\/p><p data-start=\"456\" data-end=\"759\">\ud83c\udfe0 <strong data-start=\"552\" data-end=\"597\">Va\u0161e nemovitost je profesion\u00e1ln\u011b prezentov\u00e1na<\/strong> s kvalitn\u00edmi fotografiemi a poutav\u00fdmi popisy.<\/p><p data-start=\"456\" data-end=\"759\">\ud83d\udd04 <strong data-start=\"655\" data-end=\"686\">O v\u0161e je postar\u00e1no<\/strong> - rezervace, komunikace s hosty, \u00fadr\u017eba a finan\u010dn\u00ed v\u00fdkaznictv\u00ed.<\/p><p data-start=\"766\" data-end=\"1026\"><strong data-start=\"766\" data-end=\"778\">V\u00fdhody<\/strong><\/p><p data-start=\"766\" data-end=\"1026\">\ud83d\udcc8 <strong data-start=\"784\" data-end=\"817\">Maximalizace obsazenosti po cel\u00fd rok<\/strong> - Udr\u017eujte svou nemovitost rezervovanou a ziskovou.<\/p><p data-start=\"766\" data-end=\"1026\">\ud83d\udcb6 <strong data-start=\"867\" data-end=\"902\">Transparentn\u00ed finan\u010dn\u00ed v\u00fdkaznictv\u00ed<\/strong> - Jasn\u00e9 rozd\u011blen\u00ed p\u0159\u00edjm\u016f bez skryt\u00fdch poplatk\u016f.<\/p><p data-start=\"766\" data-end=\"1026\">\ud83d\udcde <strong data-start=\"955\" data-end=\"971\">Podpora 24\/7<\/strong> - Vy i va\u0161i host\u00e9 z\u00edsk\u00e1te specializovanou pomoc.<\/p>\t\t\t\t\t\t\t\t<\/div>\n\t\t\t\t<div class=\"elementor-element elementor-element-7194c7e3 elementor-widget elementor-widget-houzez_elementor_space\" data-id=\"7194c7e3\" data-element_type=\"widget\" data-e-type=\"widget\" data-widget_type=\"houzez_elementor_space.default\">\n\t\t\t\t<div class=\"elementor-widget-container\">\n\t\t\t\t\t        <div class=\"houzez-spacer\">\n            <div class=\"houzez-spacer-inner\"><\/div>\n        <\/div>\n        \t\t\t\t<\/div>\n\t\t\t\t<\/div>\n\t\t\t\t\t<\/div>\n\t\t<\/div>\n\t\t\t\t\t<\/div>\n\t\t<\/section>\n\t\t\t\t<div class=\"elementor-element elementor-element-5a811d5d elementor-widget elementor-widget-heading\" data-id=\"5a811d5d\" data-element_type=\"widget\" data-e-type=\"widget\" data-widget_type=\"heading.default\">\n\t\t\t\t\t<h2 class=\"elementor-heading-title elementor-size-default\">\ud83d\udcee Najdeme pro v\u00e1s toho spr\u00e1vce nemovitosti!<\/h2>\t\t\t\t<\/div>\n\t\t\t\t<div class=\"elementor-element elementor-element-6f02c2c2 elementor-align-center elementor-widget elementor-widget-button\" data-id=\"6f02c2c2\" data-element_type=\"widget\" data-e-type=\"widget\" data-widget_type=\"button.default\">\n\t\t\t\t\t\t\t\t\t\t<a class=\"elementor-button elementor-button-link elementor-size-sm\" href=\"https:\/\/albatrostenerife.com\/cs\/inquiry-form-rental-management\/\">\n\t\t\t\t\t\t<span class=\"elementor-button-content-wrapper\">\n\t\t\t\t\t\t\t\t\t<span class=\"elementor-button-text\">Zajistit spr\u00e1vu<\/span>\n\t\t\t\t\t<\/span>\n\t\t\t\t\t<\/a>\n\t\t\t\t\t\t\t\t<\/div>\n\t\t\t\t<div class=\"elementor-element elementor-element-2f133b13 elementor-widget elementor-widget-houzez_elementor_space\" data-id=\"2f133b13\" data-element_type=\"widget\" data-e-type=\"widget\" data-widget_type=\"houzez_elementor_space.default\">\n\t\t\t\t<div class=\"elementor-widget-container\">\n\t\t\t\t\t        <div class=\"houzez-spacer\">\n            <div class=\"houzez-spacer-inner\"><\/div>\n        <\/div>\n        \t\t\t\t<\/div>\n\t\t\t\t<\/div>\n\t\t\t\t\t<\/div>\n\t\t<\/div>\n\t\t\t\t\t<\/div>\n\t\t<\/section>\n\t\t\t\t<section class=\"elementor-section elementor-top-section elementor-element elementor-element-7b116359 elementor-section-content-middle elementor-section-full_width elementor-section-height-default elementor-section-height-default\" data-id=\"7b116359\" data-element_type=\"section\" data-e-type=\"section\">\n\t\t\t\t\t\t<div class=\"elementor-container elementor-column-gap-default\">\n\t\t\t\t\t<div class=\"elementor-column elementor-col-33 elementor-top-column elementor-element elementor-element-55c5e481\" data-id=\"55c5e481\" data-element_type=\"column\" data-e-type=\"column\">\n\t\t\t<div class=\"elementor-widget-wrap elementor-element-populated\">\n\t\t\t\t\t\t<div class=\"elementor-element elementor-element-26afa710 elementor-widget elementor-widget-image\" data-id=\"26afa710\" data-element_type=\"widget\" data-e-type=\"widget\" data-widget_type=\"image.default\">\n\t\t\t\t\t\t\t\t\t\t\t\t\t\t\t<img fetchpriority=\"high\" decoding=\"async\" width=\"883\" height=\"1024\" src=\"https:\/\/albatrostenerife.com\/wp-content\/uploads\/2025\/08\/Portrait_Optimized_40KB.webp\" class=\"attachment-large size-large wp-image-2187\" alt=\"Mu\u017e v obleku s kr\u00e1tk\u00fdmi \u0161ediv\u00fdmi vlasy.\" srcset=\"https:\/\/albatrostenerife.com\/wp-content\/uploads\/2025\/08\/Portrait_Optimized_40KB.webp 1766w, https:\/\/albatrostenerife.com\/wp-content\/uploads\/2025\/08\/Portrait_Optimized_40KB-1325x1536.webp 1325w\" sizes=\"(max-width: 883px) 100vw, 883px\" \/>\t\t\t\t\t\t\t\t\t\t\t\t\t\t\t<\/div>\n\t\t\t\t\t<\/div>\n\t\t<\/div>\n\t\t\t\t<div class=\"elementor-column elementor-col-66 elementor-top-column elementor-element elementor-element-87f972a\" data-id=\"87f972a\" data-element_type=\"column\" data-e-type=\"column\">\n\t\t\t<div class=\"elementor-widget-wrap elementor-element-populated\">\n\t\t\t\t\t\t<div class=\"elementor-element elementor-element-308530b elementor-widget elementor-widget-text-editor\" data-id=\"308530b\" data-element_type=\"widget\" data-e-type=\"widget\" data-widget_type=\"text-editor.default\">\n\t\t\t\t\t\t\t\t\t<p>\u00a0<\/p><p><strong>\u201cD\u00edky hlubok\u00e9 znalosti siln\u00fdch a slab\u00fdch str\u00e1nek m\u00edstn\u00edho trhu pom\u00e1h\u00e1m klient\u016fm naj\u00edt ide\u00e1ln\u00ed spole\u010dnost pro spr\u00e1vu pron\u00e1jm\u016f, kter\u00e1 dokonale spl\u0148uje jejich o\u010dek\u00e1v\u00e1n\u00ed.\u201d<\/strong><\/p>\t\t\t\t\t\t\t\t<\/div>\n\t\t\t\t<div class=\"elementor-element elementor-element-129de674 elementor-icon-list--layout-inline elementor-align-center elementor-list-item-link-full_width elementor-widget elementor-widget-icon-list\" data-id=\"129de674\" data-element_type=\"widget\" data-e-type=\"widget\" data-widget_type=\"icon-list.default\">\n\t\t\t\t\t\t\t<ul class=\"elementor-icon-list-items elementor-inline-items\">\n\t\t\t\t\t\t\t<li class=\"elementor-icon-list-item elementor-inline-item\">\n\t\t\t\t\t\t\t\t\t\t\t<a href=\"tel:+34%20634%20552%20097\">\n\n\t\t\t\t\t\t\t\t\t\t\t\t<span class=\"elementor-icon-list-icon\">\n\t\t\t\t\t\t\t<svg aria-hidden=\"true\" class=\"e-font-icon-svg e-fab-whatsapp\" viewbox=\"0 0 448 512\" xmlns=\"http:\/\/www.w3.org\/2000\/svg\"><path d=\"M380.9 97.1C339 55.1 283.2 32 223.9 32c-122.4 0-222 99.6-222 222 0 39.1 10.2 77.3 29.6 111L0 480l117.7-30.9c32.4 17.7 68.9 27 106.1 27h.1c122.3 0 224.1-99.6 224.1-222 0-59.3-25.2-115-67.1-157zm-157 341.6c-33.2 0-65.7-8.9-94-25.7l-6.7-4-69.8 18.3L72 359.2l-4.4-7c-18.5-29.4-28.2-63.3-28.2-98.2 0-101.7 82.8-184.5 184.6-184.5 49.3 0 95.6 19.2 130.4 54.1 34.8 34.9 56.2 81.2 56.1 130.5 0 101.8-84.9 184.6-186.6 184.6zm101.2-138.2c-5.5-2.8-32.8-16.2-37.9-18-5.1-1.9-8.8-2.8-12.5 2.8-3.7 5.6-14.3 18-17.6 21.8-3.2 3.7-6.5 4.2-12 1.4-32.6-16.3-54-29.1-75.5-66-5.7-9.8 5.7-9.1 16.3-30.3 1.8-3.7.9-6.9-.5-9.7-1.4-2.8-12.5-30.1-17.1-41.2-4.5-10.8-9.1-9.3-12.5-9.5-3.2-.2-6.9-.2-10.6-.2-3.7 0-9.7 1.4-14.8 6.9-5.1 5.6-19.4 19-19.4 46.3 0 27.3 19.9 53.7 22.6 57.4 2.8 3.7 39.1 59.7 94.8 83.8 35.2 15.2 49 16.5 66.6 13.9 10.7-1.6 32.8-13.4 37.4-26.4 4.6-13 4.6-24.1 3.2-26.4-1.3-2.5-5-3.9-10.5-6.6z\"><\/path><\/svg>\t\t\t\t\t\t<\/span>\n\t\t\t\t\t\t\t\t\t\t<span class=\"elementor-icon-list-text\">+34 634 552 097<\/span>\n\t\t\t\t\t\t\t\t\t\t\t<\/a>\n\t\t\t\t\t\t\t\t\t<\/li>\n\t\t\t\t\t\t\t\t<li class=\"elementor-icon-list-item elementor-inline-item\">\n\t\t\t\t\t\t\t\t\t\t\t<span class=\"elementor-icon-list-icon\">\n\t\t\t\t\t\t\t<svg aria-hidden=\"true\" class=\"e-font-icon-svg e-far-envelope\" viewbox=\"0 0 512 512\" xmlns=\"http:\/\/www.w3.org\/2000\/svg\"><path d=\"M464 64H48C21.49 64 0 85.49 0 112v288c0 26.51 21.49 48 48 48h416c26.51 0 48-21.49 48-48V112c0-26.51-21.49-48-48-48zm0 48v40.805c-22.422 18.259-58.168 46.651-134.587 106.49-16.841 13.247-50.201 45.072-73.413 44.701-23.208.375-56.579-31.459-73.413-44.701C106.18 199.465 70.425 171.067 48 152.805V112h416zM48 400V214.398c22.914 18.251 55.409 43.862 104.938 82.646 21.857 17.205 60.134 55.186 103.062 54.955 42.717.231 80.509-37.199 103.053-54.947 49.528-38.783 82.032-64.401 104.947-82.653V400H48z\"><\/path><\/svg>\t\t\t\t\t\t<\/span>\n\t\t\t\t\t\t\t\t\t\t<span class=\"elementor-icon-list-text\">info@albatrostenerife.com<\/span>\n\t\t\t\t\t\t\t\t\t<\/li>\n\t\t\t\t\t\t<\/ul>\n\t\t\t\t\t\t<\/div>\n\t\t\t\t\t<\/div>\n\t\t<\/div>\n\t\t\t\t\t<\/div>\n\t\t<\/section>\n\t\t\t\t<section class=\"elementor-section elementor-top-section elementor-element elementor-element-12b39725 elementor-section-boxed elementor-section-height-default elementor-section-height-default\" data-id=\"12b39725\" data-element_type=\"section\" data-e-type=\"section\">\n\t\t\t\t\t\t<div class=\"elementor-container elementor-column-gap-default\">\n\t\t\t\t\t<div class=\"elementor-column elementor-col-100 elementor-top-column elementor-element elementor-element-7c8ae00e\" data-id=\"7c8ae00e\" data-element_type=\"column\" data-e-type=\"column\">\n\t\t\t<div class=\"elementor-widget-wrap\">\n\t\t\t\t\t\t\t<\/div>\n\t\t<\/div>\n\t\t\t\t\t<\/div>\n\t\t<\/section>\n\t\t\t\t<\/div>","protected":false},"excerpt":{"rendered":"<p>Find the Right Rental Manager Park albatros real estate The Right Rental Management \u2013 Without the Hassle! Our Expertise, Your Advantage Let us find the perfect rental management company for you! We match your property with a trusted, reliable partner to ensure steady income and stress-free management \u2013 from bookings to maintenance. How it Works [&hellip;]<\/p>\n","protected":false},"author":1,"featured_media":0,"parent":0,"menu_order":0,"comment_status":"closed","ping_status":"closed","template":"","meta":{"_seopress_robots_primary_cat":"","_seopress_titles_title":"Find Reliable Rental Management at Park Albatros","_seopress_titles_desc":"Maximize rental income effortlessly with expert management. Enjoy 24\/7 support & transparent finance with Park Albatros Real Estate.","_seopress_robots_index":"","footnotes":""},"class_list":["post-2936","page","type-page","status-publish","hentry"],"_links":{"self":[{"href":"https:\/\/albatrostenerife.com\/cs\/wp-json\/wp\/v2\/pages\/2936","targetHints":{"allow":["GET"]}}],"collection":[{"href":"https:\/\/albatrostenerife.com\/cs\/wp-json\/wp\/v2\/pages"}],"about":[{"href":"https:\/\/albatrostenerife.com\/cs\/wp-json\/wp\/v2\/types\/page"}],"author":[{"embeddable":true,"href":"https:\/\/albatrostenerife.com\/cs\/wp-json\/wp\/v2\/users\/1"}],"replies":[{"embeddable":true,"href":"https:\/\/albatrostenerife.com\/cs\/wp-json\/wp\/v2\/comments?post=2936"}],"version-history":[{"count":22,"href":"https:\/\/albatrostenerife.com\/cs\/wp-json\/wp\/v2\/pages\/2936\/revisions"}],"predecessor-version":[{"id":3057,"href":"https:\/\/albatrostenerife.com\/cs\/wp-json\/wp\/v2\/pages\/2936\/revisions\/3057"}],"wp:attachment":[{"href":"https:\/\/albatrostenerife.com\/cs\/wp-json\/wp\/v2\/media?parent=2936"}],"curies":[{"name":"wp","href":"https:\/\/api.w.org\/{rel}","templated":true}]}}