{"id":2918,"date":"2025-09-07T22:01:36","date_gmt":"2025-09-07T22:01:36","guid":{"rendered":"https:\/\/albatrostenerife.com\/?page_id=2918"},"modified":"2025-10-29T16:38:21","modified_gmt":"2025-10-29T16:38:21","slug":"drzeni-klice","status":"publish","type":"page","link":"https:\/\/albatrostenerife.com\/cs\/key-holding\/","title":{"rendered":"SPR\u00c1VA KL\u00cd\u010c\u016e"},"content":{"rendered":"<div data-elementor-type=\"wp-page\" data-elementor-id=\"2918\" class=\"elementor elementor-2918\">\n\t\t\t\t\t\t<section class=\"elementor-section elementor-top-section elementor-element elementor-element-5a850917 elementor-section-height-min-height elementor-section-items-bottom elementor-section-stretched elementor-section-full_width elementor-section-height-default\" data-id=\"5a850917\" data-element_type=\"section\" data-e-type=\"section\" data-settings=\"{&quot;background_background&quot;:&quot;classic&quot;,&quot;stretch_section&quot;:&quot;section-stretched&quot;,&quot;animation&quot;:&quot;none&quot;}\">\n\t\t\t\t\t\t\t<div class=\"elementor-background-overlay\"><\/div>\n\t\t\t\t\t\t\t<div class=\"elementor-container elementor-column-gap-default\">\n\t\t\t\t\t<div class=\"elementor-column elementor-col-100 elementor-top-column elementor-element elementor-element-61b79566\" data-id=\"61b79566\" data-element_type=\"column\" data-e-type=\"column\">\n\t\t\t<div class=\"elementor-widget-wrap elementor-element-populated\">\n\t\t\t\t\t\t<section class=\"elementor-section elementor-inner-section elementor-element elementor-element-4080aae5 elementor-section-boxed elementor-section-height-default elementor-section-height-default elementor-invisible\" data-id=\"4080aae5\" data-element_type=\"section\" data-e-type=\"section\" data-settings=\"{&quot;animation&quot;:&quot;fadeIn&quot;}\">\n\t\t\t\t\t\t<div class=\"elementor-container elementor-column-gap-default\">\n\t\t\t\t\t<div class=\"elementor-column elementor-col-100 elementor-inner-column elementor-element elementor-element-285cea91\" data-id=\"285cea91\" data-element_type=\"column\" data-e-type=\"column\">\n\t\t\t<div class=\"elementor-widget-wrap elementor-element-populated\">\n\t\t\t\t\t\t<div class=\"elementor-element elementor-element-1732d4b2 elementor-widget elementor-widget-houzez_elementor_section_title\" data-id=\"1732d4b2\" data-element_type=\"widget\" data-e-type=\"widget\" data-widget_type=\"houzez_elementor_section_title.default\">\n\t\t\t\t<div class=\"elementor-widget-container\">\n\t\t\t\t\t            <div class=\"houzez_section_title_wrap section-title-module\">\n                                    <h2 class=\"houzez_section_title\">SPR\u00c1VA KL\u00cd\u010c\u016e<\/h2>\n                \n                                    <p class=\"houzez_section_subtitle\">Park albatros nemovitosti<\/p>\n                            <\/div>\n            \t\t\t\t<\/div>\n\t\t\t\t<\/div>\n\t\t\t\t\t<\/div>\n\t\t<\/div>\n\t\t\t\t\t<\/div>\n\t\t<\/section>\n\t\t\t\t<div class=\"elementor-element elementor-element-2d5ec62c elementor-widget elementor-widget-houzez_elementor_space\" data-id=\"2d5ec62c\" data-element_type=\"widget\" data-e-type=\"widget\" data-widget_type=\"houzez_elementor_space.default\">\n\t\t\t\t<div class=\"elementor-widget-container\">\n\t\t\t\t\t        <div class=\"houzez-spacer\">\n            <div class=\"houzez-spacer-inner\"><\/div>\n        <\/div>\n        \t\t\t\t<\/div>\n\t\t\t\t<\/div>\n\t\t\t\t<section class=\"elementor-section elementor-inner-section elementor-element elementor-element-103cdbf0 elementor-section-boxed elementor-section-height-default elementor-section-height-default\" data-id=\"103cdbf0\" data-element_type=\"section\" data-e-type=\"section\">\n\t\t\t\t\t\t<div class=\"elementor-container elementor-column-gap-default\">\n\t\t\t\t\t<div class=\"elementor-column elementor-col-100 elementor-inner-column elementor-element elementor-element-2e1d1d1a\" data-id=\"2e1d1d1a\" data-element_type=\"column\" data-e-type=\"column\">\n\t\t\t<div class=\"elementor-widget-wrap elementor-element-populated\">\n\t\t\t\t\t\t<div class=\"elementor-element elementor-element-632160b4 elementor-widget elementor-widget-spacer\" data-id=\"632160b4\" data-element_type=\"widget\" data-e-type=\"widget\" data-widget_type=\"spacer.default\">\n\t\t\t\t\t\t\t<div class=\"elementor-spacer\">\n\t\t\t<div class=\"elementor-spacer-inner\"><\/div>\n\t\t<\/div>\n\t\t\t\t\t\t<\/div>\n\t\t\t\t\t<\/div>\n\t\t<\/div>\n\t\t\t\t\t<\/div>\n\t\t<\/section>\n\t\t\t\t\t<\/div>\n\t\t<\/div>\n\t\t\t\t\t<\/div>\n\t\t<\/section>\n\t\t\t\t<section class=\"elementor-section elementor-top-section elementor-element elementor-element-7fcdebb0 elementor-section-stretched elementor-section-boxed elementor-section-height-default elementor-section-height-default elementor-invisible\" data-id=\"7fcdebb0\" data-element_type=\"section\" data-e-type=\"section\" id=\"about\" data-settings=\"{&quot;stretch_section&quot;:&quot;section-stretched&quot;,&quot;background_background&quot;:&quot;classic&quot;,&quot;animation&quot;:&quot;fadeIn&quot;}\">\n\t\t\t\t\t\t<div class=\"elementor-container elementor-column-gap-default\">\n\t\t\t\t\t<div class=\"elementor-column elementor-col-100 elementor-top-column elementor-element elementor-element-4231cfd9\" data-id=\"4231cfd9\" data-element_type=\"column\" data-e-type=\"column\">\n\t\t\t<div class=\"elementor-widget-wrap elementor-element-populated\">\n\t\t\t\t\t\t<section class=\"elementor-section elementor-inner-section elementor-element elementor-element-6f1d8007 elementor-section-content-middle elementor-section-boxed elementor-section-height-default elementor-section-height-default\" data-id=\"6f1d8007\" data-element_type=\"section\" data-e-type=\"section\">\n\t\t\t\t\t\t<div class=\"elementor-container elementor-column-gap-wider\">\n\t\t\t\t\t<div class=\"elementor-column elementor-col-100 elementor-inner-column elementor-element elementor-element-4d86faac\" data-id=\"4d86faac\" data-element_type=\"column\" data-e-type=\"column\">\n\t\t\t<div class=\"elementor-widget-wrap elementor-element-populated\">\n\t\t\t\t\t\t<div class=\"elementor-element elementor-element-5eb5e681 elementor-widget elementor-widget-houzez_elementor_section_title\" data-id=\"5eb5e681\" data-element_type=\"widget\" data-e-type=\"widget\" data-widget_type=\"houzez_elementor_section_title.default\">\n\t\t\t\t<div class=\"elementor-widget-container\">\n\t\t\t\t\t            <div class=\"houzez_section_title_wrap section-title-module\">\n                                    <h2 class=\"houzez_section_title\">V\u00e1\u0161 majetek pod kontrolou<\/h2>\n                \n                                    <p class=\"houzez_section_subtitle\">Spolehliv\u00e1 spr\u00e1va kl\u00ed\u010d\u016f na Tenerife<\/p>\n                            <\/div>\n            \t\t\t\t<\/div>\n\t\t\t\t<\/div>\n\t\t\t\t<div class=\"elementor-element elementor-element-1bc1864d elementor-widget elementor-widget-text-editor\" data-id=\"1bc1864d\" data-element_type=\"widget\" data-e-type=\"widget\" data-widget_type=\"text-editor.default\">\n\t\t\t\t\t\t\t\t\t<p data-start=\"185\" data-end=\"345\">Nemovitost ponechan\u00e1 bez dohledu vy\u017eaduje pravidelnou kontrolu. Postar\u00e1me se o to, aby byla v bezpe\u010d\u00ed, ve spr\u00e1vn\u00e9m stavu a p\u0159ipraven\u00e1 k va\u0161emu p\u0159\u00edjezdu \u2013 bez nutnosti \u0159e\u0161it cokoliv na d\u00e1lku. <strong data-start=\"327\" data-end=\"372\">bezpe\u010dn\u00e9, dob\u0159e udr\u017eovan\u00e9 a v\u017edy p\u0159ipraven\u00e9.<\/strong> na v\u00e1\u0161 p\u0159\u00edjezd - bez stresu.<\/p><p data-start=\"185\" data-end=\"345\">\u00a0<\/p><p data-start=\"418\" data-end=\"788\"><strong data-start=\"418\" data-end=\"434\">Jak to funguje<\/strong><\/p><p data-start=\"418\" data-end=\"788\">\ud83d\udd0e <strong data-start=\"440\" data-end=\"467\">B\u011b\u017en\u00e9 kontroly majetku<\/strong> - Kontrolujeme net\u011bsnosti, po\u0161kozen\u00ed a bezpe\u010dnostn\u00ed probl\u00e9my d\u0159\u00edve, ne\u017e se z nich stanou n\u00e1kladn\u00e9 probl\u00e9my.<\/p><p data-start=\"418\" data-end=\"788\">\ud83d\udd11 <strong data-start=\"565\" data-end=\"590\">Bezpe\u010dn\u00e1 spr\u00e1va kl\u00ed\u010d\u016f<\/strong> - Va\u0161e kl\u00ed\u010de jsou bezpe\u010dn\u011b ulo\u017eeny a jsou k dispozici pouze tehdy, kdy\u017e to povol\u00edte.<\/p><p data-start=\"418\" data-end=\"788\">\u26a1 <strong data-start=\"667\" data-end=\"703\">Reakce na mimo\u0159\u00e1dn\u00e9 ud\u00e1losti a \u00fadr\u017eba<\/strong> - Od drobn\u00fdch oprav a\u017e po nal\u00e9hav\u00e9 probl\u00e9my - v\u0161e zvl\u00e1dneme, abyste nemuseli \u0159e\u0161it vy.<\/p><p data-start=\"418\" data-end=\"788\">\u00a0<\/p><p data-start=\"795\" data-end=\"1069\"><strong data-start=\"795\" data-end=\"812\">Pro\u010d n\u00e1m d\u016fv\u011b\u0159ovat?<\/strong><\/p><p data-start=\"795\" data-end=\"1069\">\ud83d\udcb0 <strong data-start=\"818\" data-end=\"851\">\u00daspora pen\u011bz a prevence probl\u00e9m\u016f<\/strong> - Pravideln\u00e9 kontroly pom\u00e1haj\u00ed vyhnout se n\u00e1kladn\u00fdm oprav\u00e1m.<\/p><p data-start=\"795\" data-end=\"1069\">\ud83d\udd12 <strong data-start=\"904\" data-end=\"938\">\u00dapln\u00e9 zabezpe\u010den\u00ed a klid<\/strong> - Va\u0161e kl\u00ed\u010de a domov jsou v\u017edy chr\u00e1n\u011bny.<\/p><p data-start=\"795\" data-end=\"1069\">\u2728 <strong data-start=\"986\" data-end=\"1020\">Spr\u00e1va nemovitost\u00ed bez n\u00e1mahy<\/strong> - Vejd\u011bte dovnit\u0159, odpo\u010di\u0148te si. O v\u0161e je postar\u00e1no.<\/p>\t\t\t\t\t\t\t\t<\/div>\n\t\t\t\t<div class=\"elementor-element elementor-element-603496c9 elementor-widget elementor-widget-houzez_elementor_space\" data-id=\"603496c9\" data-element_type=\"widget\" data-e-type=\"widget\" data-widget_type=\"houzez_elementor_space.default\">\n\t\t\t\t<div class=\"elementor-widget-container\">\n\t\t\t\t\t        <div class=\"houzez-spacer\">\n            <div class=\"houzez-spacer-inner\"><\/div>\n        <\/div>\n        \t\t\t\t<\/div>\n\t\t\t\t<\/div>\n\t\t\t\t\t<\/div>\n\t\t<\/div>\n\t\t\t\t\t<\/div>\n\t\t<\/section>\n\t\t\t\t<div class=\"elementor-element elementor-element-7b2c8770 elementor-widget elementor-widget-heading\" data-id=\"7b2c8770\" data-element_type=\"widget\" data-e-type=\"widget\" data-widget_type=\"heading.default\">\n\t\t\t\t\t<h2 class=\"elementor-heading-title elementor-size-default\">Zajist\u00edme bezpe\u010dnou spr\u00e1vu kl\u00ed\u010d\u016f. Kontaktujte n\u00e1s pro bli\u017e\u0161\u00ed informace.<\/h2>\t\t\t\t<\/div>\n\t\t\t\t<div class=\"elementor-element elementor-element-36ec10e9 elementor-align-center elementor-widget elementor-widget-button\" data-id=\"36ec10e9\" data-element_type=\"widget\" data-e-type=\"widget\" data-widget_type=\"button.default\">\n\t\t\t\t\t\t\t\t\t\t<a class=\"elementor-button elementor-button-link elementor-size-sm\" href=\"https:\/\/albatrostenerife.com\/cs\/poptavkovy-formular-drzeni-klice\/\">\n\t\t\t\t\t\t<span class=\"elementor-button-content-wrapper\">\n\t\t\t\t\t\t\t\t\t<span class=\"elementor-button-text\">Nez\u00e1vazn\u00e1 konzultace<\/span>\n\t\t\t\t\t<\/span>\n\t\t\t\t\t<\/a>\n\t\t\t\t\t\t\t\t<\/div>\n\t\t\t\t<div class=\"elementor-element elementor-element-3b0c645e elementor-widget elementor-widget-houzez_elementor_space\" data-id=\"3b0c645e\" data-element_type=\"widget\" data-e-type=\"widget\" data-widget_type=\"houzez_elementor_space.default\">\n\t\t\t\t<div class=\"elementor-widget-container\">\n\t\t\t\t\t        <div class=\"houzez-spacer\">\n            <div class=\"houzez-spacer-inner\"><\/div>\n        <\/div>\n        \t\t\t\t<\/div>\n\t\t\t\t<\/div>\n\t\t\t\t\t<\/div>\n\t\t<\/div>\n\t\t\t\t\t<\/div>\n\t\t<\/section>\n\t\t\t\t<section class=\"elementor-section elementor-top-section elementor-element elementor-element-56bd85c1 elementor-section-content-middle elementor-section-full_width elementor-section-height-default elementor-section-height-default\" data-id=\"56bd85c1\" data-element_type=\"section\" data-e-type=\"section\">\n\t\t\t\t\t\t<div class=\"elementor-container elementor-column-gap-default\">\n\t\t\t\t\t<div class=\"elementor-column elementor-col-33 elementor-top-column elementor-element elementor-element-9b38a4c\" data-id=\"9b38a4c\" data-element_type=\"column\" data-e-type=\"column\">\n\t\t\t<div class=\"elementor-widget-wrap elementor-element-populated\">\n\t\t\t\t\t\t<div class=\"elementor-element elementor-element-73ddde0e elementor-widget elementor-widget-image\" data-id=\"73ddde0e\" data-element_type=\"widget\" data-e-type=\"widget\" data-widget_type=\"image.default\">\n\t\t\t\t\t\t\t\t\t\t\t\t\t\t\t<img fetchpriority=\"high\" decoding=\"async\" width=\"883\" height=\"1024\" src=\"https:\/\/albatrostenerife.com\/wp-content\/uploads\/2025\/08\/Portrait_Optimized_40KB.webp\" class=\"attachment-large size-large wp-image-2187\" alt=\"Mu\u017e v obleku s kr\u00e1tk\u00fdmi \u0161ediv\u00fdmi vlasy.\" srcset=\"https:\/\/albatrostenerife.com\/wp-content\/uploads\/2025\/08\/Portrait_Optimized_40KB.webp 1766w, https:\/\/albatrostenerife.com\/wp-content\/uploads\/2025\/08\/Portrait_Optimized_40KB-1325x1536.webp 1325w\" sizes=\"(max-width: 883px) 100vw, 883px\" \/>\t\t\t\t\t\t\t\t\t\t\t\t\t\t\t<\/div>\n\t\t\t\t\t<\/div>\n\t\t<\/div>\n\t\t\t\t<div class=\"elementor-column elementor-col-66 elementor-top-column elementor-element elementor-element-5d91186\" data-id=\"5d91186\" data-element_type=\"column\" data-e-type=\"column\">\n\t\t\t<div class=\"elementor-widget-wrap elementor-element-populated\">\n\t\t\t\t\t\t<div class=\"elementor-element elementor-element-2f739c15 elementor-widget elementor-widget-text-editor\" data-id=\"2f739c15\" data-element_type=\"widget\" data-e-type=\"widget\" data-widget_type=\"text-editor.default\">\n\t\t\t\t\t\t\t\t\t<p>\u00a0<\/p><p><strong>\u201cPom\u00e1h\u00e1m majitel\u016fm nemovitost\u00ed na Tenerife zajistit dohled nad jejich majetkem, p\u0159edch\u00e1zet probl\u00e9m\u016fm a m\u00edt jistotu, \u017ee je v\u0161e v po\u0159\u00e1dku. Nab\u00edz\u00edme transparentn\u00ed a spolehlivou slu\u017ebu bez zbyte\u010dn\u00fdch komplikac\u00ed..\u201d<\/strong><\/p>\t\t\t\t\t\t\t\t<\/div>\n\t\t\t\t<div class=\"elementor-element elementor-element-64fc586b elementor-icon-list--layout-inline elementor-align-center elementor-list-item-link-full_width elementor-widget elementor-widget-icon-list\" data-id=\"64fc586b\" data-element_type=\"widget\" data-e-type=\"widget\" data-widget_type=\"icon-list.default\">\n\t\t\t\t\t\t\t<ul class=\"elementor-icon-list-items elementor-inline-items\">\n\t\t\t\t\t\t\t<li class=\"elementor-icon-list-item elementor-inline-item\">\n\t\t\t\t\t\t\t\t\t\t\t<a href=\"tel:+34%20634%20552%20097\">\n\n\t\t\t\t\t\t\t\t\t\t\t\t<span class=\"elementor-icon-list-icon\">\n\t\t\t\t\t\t\t<svg aria-hidden=\"true\" class=\"e-font-icon-svg e-fab-whatsapp\" viewbox=\"0 0 448 512\" xmlns=\"http:\/\/www.w3.org\/2000\/svg\"><path d=\"M380.9 97.1C339 55.1 283.2 32 223.9 32c-122.4 0-222 99.6-222 222 0 39.1 10.2 77.3 29.6 111L0 480l117.7-30.9c32.4 17.7 68.9 27 106.1 27h.1c122.3 0 224.1-99.6 224.1-222 0-59.3-25.2-115-67.1-157zm-157 341.6c-33.2 0-65.7-8.9-94-25.7l-6.7-4-69.8 18.3L72 359.2l-4.4-7c-18.5-29.4-28.2-63.3-28.2-98.2 0-101.7 82.8-184.5 184.6-184.5 49.3 0 95.6 19.2 130.4 54.1 34.8 34.9 56.2 81.2 56.1 130.5 0 101.8-84.9 184.6-186.6 184.6zm101.2-138.2c-5.5-2.8-32.8-16.2-37.9-18-5.1-1.9-8.8-2.8-12.5 2.8-3.7 5.6-14.3 18-17.6 21.8-3.2 3.7-6.5 4.2-12 1.4-32.6-16.3-54-29.1-75.5-66-5.7-9.8 5.7-9.1 16.3-30.3 1.8-3.7.9-6.9-.5-9.7-1.4-2.8-12.5-30.1-17.1-41.2-4.5-10.8-9.1-9.3-12.5-9.5-3.2-.2-6.9-.2-10.6-.2-3.7 0-9.7 1.4-14.8 6.9-5.1 5.6-19.4 19-19.4 46.3 0 27.3 19.9 53.7 22.6 57.4 2.8 3.7 39.1 59.7 94.8 83.8 35.2 15.2 49 16.5 66.6 13.9 10.7-1.6 32.8-13.4 37.4-26.4 4.6-13 4.6-24.1 3.2-26.4-1.3-2.5-5-3.9-10.5-6.6z\"><\/path><\/svg>\t\t\t\t\t\t<\/span>\n\t\t\t\t\t\t\t\t\t\t<span class=\"elementor-icon-list-text\">+34 634 552 097<\/span>\n\t\t\t\t\t\t\t\t\t\t\t<\/a>\n\t\t\t\t\t\t\t\t\t<\/li>\n\t\t\t\t\t\t\t\t<li class=\"elementor-icon-list-item elementor-inline-item\">\n\t\t\t\t\t\t\t\t\t\t\t<span class=\"elementor-icon-list-icon\">\n\t\t\t\t\t\t\t<svg aria-hidden=\"true\" class=\"e-font-icon-svg e-far-envelope\" viewbox=\"0 0 512 512\" xmlns=\"http:\/\/www.w3.org\/2000\/svg\"><path d=\"M464 64H48C21.49 64 0 85.49 0 112v288c0 26.51 21.49 48 48 48h416c26.51 0 48-21.49 48-48V112c0-26.51-21.49-48-48-48zm0 48v40.805c-22.422 18.259-58.168 46.651-134.587 106.49-16.841 13.247-50.201 45.072-73.413 44.701-23.208.375-56.579-31.459-73.413-44.701C106.18 199.465 70.425 171.067 48 152.805V112h416zM48 400V214.398c22.914 18.251 55.409 43.862 104.938 82.646 21.857 17.205 60.134 55.186 103.062 54.955 42.717.231 80.509-37.199 103.053-54.947 49.528-38.783 82.032-64.401 104.947-82.653V400H48z\"><\/path><\/svg>\t\t\t\t\t\t<\/span>\n\t\t\t\t\t\t\t\t\t\t<span class=\"elementor-icon-list-text\">info@albatrostenerife.com<\/span>\n\t\t\t\t\t\t\t\t\t<\/li>\n\t\t\t\t\t\t<\/ul>\n\t\t\t\t\t\t<\/div>\n\t\t\t\t\t<\/div>\n\t\t<\/div>\n\t\t\t\t\t<\/div>\n\t\t<\/section>\n\t\t\t\t<section class=\"elementor-section elementor-top-section elementor-element elementor-element-78d5dae3 elementor-section-boxed elementor-section-height-default elementor-section-height-default\" data-id=\"78d5dae3\" data-element_type=\"section\" data-e-type=\"section\">\n\t\t\t\t\t\t<div class=\"elementor-container elementor-column-gap-default\">\n\t\t\t\t\t<div class=\"elementor-column elementor-col-100 elementor-top-column elementor-element elementor-element-718885fb\" data-id=\"718885fb\" data-element_type=\"column\" data-e-type=\"column\">\n\t\t\t<div class=\"elementor-widget-wrap\">\n\t\t\t\t\t\t\t<\/div>\n\t\t<\/div>\n\t\t\t\t\t<\/div>\n\t\t<\/section>\n\t\t\t\t<\/div>","protected":false},"excerpt":{"rendered":"<p>Key Holding Park albatros real estate Your Property, Safe &#038; Ready. RELIABLE KEY HOLDING IN TENERIFE Whether you\u2019re away for weeks or months, your property needs regular care. We make sure it stays secure, well-maintained, and always ready for your arrival\u2014without the stress. \u00a0 How it Works \ud83d\udd0e Routine Property Checks \u2013 We inspect for [&hellip;]<\/p>\n","protected":false},"author":1,"featured_media":0,"parent":0,"menu_order":0,"comment_status":"closed","ping_status":"closed","template":"","meta":{"_seopress_robots_primary_cat":"","_seopress_titles_title":"Park Albatros Key Holding & Property Care | Secure & Reliable","_seopress_titles_desc":"Keep your Park Albatros apartment secure & well-maintained with our reliable key holding service. Enjoy peace of mind without stress. Free consultation available!","_seopress_robots_index":"","footnotes":""},"class_list":["post-2918","page","type-page","status-publish","hentry"],"_links":{"self":[{"href":"https:\/\/albatrostenerife.com\/cs\/wp-json\/wp\/v2\/pages\/2918","targetHints":{"allow":["GET"]}}],"collection":[{"href":"https:\/\/albatrostenerife.com\/cs\/wp-json\/wp\/v2\/pages"}],"about":[{"href":"https:\/\/albatrostenerife.com\/cs\/wp-json\/wp\/v2\/types\/page"}],"author":[{"embeddable":true,"href":"https:\/\/albatrostenerife.com\/cs\/wp-json\/wp\/v2\/users\/1"}],"replies":[{"embeddable":true,"href":"https:\/\/albatrostenerife.com\/cs\/wp-json\/wp\/v2\/comments?post=2918"}],"version-history":[{"count":28,"href":"https:\/\/albatrostenerife.com\/cs\/wp-json\/wp\/v2\/pages\/2918\/revisions"}],"predecessor-version":[{"id":4801,"href":"https:\/\/albatrostenerife.com\/cs\/wp-json\/wp\/v2\/pages\/2918\/revisions\/4801"}],"wp:attachment":[{"href":"https:\/\/albatrostenerife.com\/cs\/wp-json\/wp\/v2\/media?parent=2918"}],"curies":[{"name":"wp","href":"https:\/\/api.w.org\/{rel}","templated":true}]}}