{"id":2877,"date":"2025-09-07T21:27:05","date_gmt":"2025-09-07T21:27:05","guid":{"rendered":"https:\/\/albatrostenerife.com\/?page_id=2877"},"modified":"2025-11-04T14:52:10","modified_gmt":"2025-11-04T14:52:10","slug":"marketing-nemovitosti","status":"publish","type":"page","link":"https:\/\/albatrostenerife.com\/cs\/property-marketing\/","title":{"rendered":"Marketing nemovitost\u00ed"},"content":{"rendered":"<div data-elementor-type=\"wp-page\" data-elementor-id=\"2877\" class=\"elementor elementor-2877\">\n\t\t\t\t\t\t<section class=\"elementor-section elementor-top-section elementor-element elementor-element-3c8f4261 elementor-section-height-min-height elementor-section-items-bottom elementor-section-stretched elementor-section-full_width elementor-section-height-default\" data-id=\"3c8f4261\" data-element_type=\"section\" data-e-type=\"section\" data-settings=\"{&quot;background_background&quot;:&quot;classic&quot;,&quot;stretch_section&quot;:&quot;section-stretched&quot;,&quot;animation&quot;:&quot;none&quot;}\">\n\t\t\t\t\t\t\t<div class=\"elementor-background-overlay\"><\/div>\n\t\t\t\t\t\t\t<div class=\"elementor-container elementor-column-gap-default\">\n\t\t\t\t\t<div class=\"elementor-column elementor-col-100 elementor-top-column elementor-element elementor-element-32162169\" data-id=\"32162169\" data-element_type=\"column\" data-e-type=\"column\">\n\t\t\t<div class=\"elementor-widget-wrap elementor-element-populated\">\n\t\t\t\t\t\t<section class=\"elementor-section elementor-inner-section elementor-element elementor-element-43230fac elementor-section-boxed elementor-section-height-default elementor-section-height-default elementor-invisible\" data-id=\"43230fac\" data-element_type=\"section\" data-e-type=\"section\" data-settings=\"{&quot;animation&quot;:&quot;fadeIn&quot;}\">\n\t\t\t\t\t\t<div class=\"elementor-container elementor-column-gap-default\">\n\t\t\t\t\t<div class=\"elementor-column elementor-col-100 elementor-inner-column elementor-element elementor-element-3ad5c109\" data-id=\"3ad5c109\" data-element_type=\"column\" data-e-type=\"column\">\n\t\t\t<div class=\"elementor-widget-wrap elementor-element-populated\">\n\t\t\t\t\t\t<div class=\"elementor-element elementor-element-768a98a3 elementor-widget elementor-widget-houzez_elementor_section_title\" data-id=\"768a98a3\" data-element_type=\"widget\" data-e-type=\"widget\" data-widget_type=\"houzez_elementor_section_title.default\">\n\t\t\t\t<div class=\"elementor-widget-container\">\n\t\t\t\t\t            <div class=\"houzez_section_title_wrap section-title-module\">\n                                    <h2 class=\"houzez_section_title\">Marketing nemovitost\u00ed<\/h2>\n                \n                                    <p class=\"houzez_section_subtitle\">Park albatros nemovitosti<\/p>\n                            <\/div>\n            \t\t\t\t<\/div>\n\t\t\t\t<\/div>\n\t\t\t\t\t<\/div>\n\t\t<\/div>\n\t\t\t\t\t<\/div>\n\t\t<\/section>\n\t\t\t\t<div class=\"elementor-element elementor-element-7d44f847 elementor-widget elementor-widget-houzez_elementor_space\" data-id=\"7d44f847\" data-element_type=\"widget\" data-e-type=\"widget\" data-widget_type=\"houzez_elementor_space.default\">\n\t\t\t\t<div class=\"elementor-widget-container\">\n\t\t\t\t\t        <div class=\"houzez-spacer\">\n            <div class=\"houzez-spacer-inner\"><\/div>\n        <\/div>\n        \t\t\t\t<\/div>\n\t\t\t\t<\/div>\n\t\t\t\t<section class=\"elementor-section elementor-inner-section elementor-element elementor-element-4a6bf571 elementor-section-boxed elementor-section-height-default elementor-section-height-default\" data-id=\"4a6bf571\" data-element_type=\"section\" data-e-type=\"section\">\n\t\t\t\t\t\t<div class=\"elementor-container elementor-column-gap-default\">\n\t\t\t\t\t<div class=\"elementor-column elementor-col-100 elementor-inner-column elementor-element elementor-element-34b96758\" data-id=\"34b96758\" data-element_type=\"column\" data-e-type=\"column\">\n\t\t\t<div class=\"elementor-widget-wrap elementor-element-populated\">\n\t\t\t\t\t\t<div class=\"elementor-element elementor-element-46c3253b elementor-widget elementor-widget-spacer\" data-id=\"46c3253b\" data-element_type=\"widget\" data-e-type=\"widget\" data-widget_type=\"spacer.default\">\n\t\t\t\t\t\t\t<div class=\"elementor-spacer\">\n\t\t\t<div class=\"elementor-spacer-inner\"><\/div>\n\t\t<\/div>\n\t\t\t\t\t\t<\/div>\n\t\t\t\t\t<\/div>\n\t\t<\/div>\n\t\t\t\t\t<\/div>\n\t\t<\/section>\n\t\t\t\t\t<\/div>\n\t\t<\/div>\n\t\t\t\t\t<\/div>\n\t\t<\/section>\n\t\t\t\t<section class=\"elementor-section elementor-top-section elementor-element elementor-element-540e0113 elementor-section-stretched elementor-section-boxed elementor-section-height-default elementor-section-height-default elementor-invisible\" data-id=\"540e0113\" data-element_type=\"section\" data-e-type=\"section\" id=\"about\" data-settings=\"{&quot;stretch_section&quot;:&quot;section-stretched&quot;,&quot;background_background&quot;:&quot;classic&quot;,&quot;animation&quot;:&quot;fadeIn&quot;}\">\n\t\t\t\t\t\t<div class=\"elementor-container elementor-column-gap-default\">\n\t\t\t\t\t<div class=\"elementor-column elementor-col-100 elementor-top-column elementor-element elementor-element-69e7900d\" data-id=\"69e7900d\" data-element_type=\"column\" data-e-type=\"column\">\n\t\t\t<div class=\"elementor-widget-wrap elementor-element-populated\">\n\t\t\t\t\t\t<section class=\"elementor-section elementor-inner-section elementor-element elementor-element-1b95990b elementor-section-content-middle elementor-section-boxed elementor-section-height-default elementor-section-height-default\" data-id=\"1b95990b\" data-element_type=\"section\" data-e-type=\"section\">\n\t\t\t\t\t\t<div class=\"elementor-container elementor-column-gap-wider\">\n\t\t\t\t\t<div class=\"elementor-column elementor-col-100 elementor-inner-column elementor-element elementor-element-7f40392c\" data-id=\"7f40392c\" data-element_type=\"column\" data-e-type=\"column\">\n\t\t\t<div class=\"elementor-widget-wrap elementor-element-populated\">\n\t\t\t\t\t\t<div class=\"elementor-element elementor-element-3a4db40a elementor-widget elementor-widget-houzez_elementor_section_title\" data-id=\"3a4db40a\" data-element_type=\"widget\" data-e-type=\"widget\" data-widget_type=\"houzez_elementor_section_title.default\">\n\t\t\t\t<div class=\"elementor-widget-container\">\n\t\t\t\t\t            <div class=\"houzez_section_title_wrap section-title-module\">\n                                    <h2 class=\"houzez_section_title\">Dal\u0161\u00ed kupuj\u00edc\u00ed. Lep\u0161\u00ed nab\u00eddky. Rychlej\u0161\u00ed prodej.<\/h2>\n                \n                                    <p class=\"houzez_section_subtitle\">OSV\u011aD\u010cEN\u00dd MARKETING NEMOVITOST\u00cd NA TENERIFE<\/p>\n                            <\/div>\n            \t\t\t\t<\/div>\n\t\t\t\t<\/div>\n\t\t\t\t<div class=\"elementor-element elementor-element-1a374528 elementor-widget elementor-widget-text-editor\" data-id=\"1a374528\" data-element_type=\"widget\" data-e-type=\"widget\" data-widget_type=\"text-editor.default\">\n\t\t\t\t\t\t\t\t\t<p data-start=\"211\" data-end=\"378\">Z\u00e1kladn\u00ed nab\u00eddka va\u0161i nemovitost neprod\u00e1. Pot\u0159ebujete <strong data-start=\"262\" data-end=\"376\">marketing, kter\u00fd zastav\u00ed kupuj\u00edc\u00ed v jejich stop\u00e1ch, zapln\u00ed va\u0161i e-mailovou schr\u00e1nku popt\u00e1vkami a zajist\u00ed v\u00e1m tu nejlep\u0161\u00ed nab\u00eddku - rychle.<\/strong><\/p><p data-start=\"385\" data-end=\"650\"><strong data-start=\"385\" data-end=\"401\">Jak to funguje<\/strong><\/p><p data-start=\"385\" data-end=\"650\">\ud83d\udcf8 <strong data-start=\"407\" data-end=\"440\">Poutav\u00e9 fotografie a videa<\/strong> - P\u0159im\u011bjte kupuj\u00edc\u00ed, aby se zamilovali je\u0161t\u011b p\u0159ed n\u00e1v\u0161t\u011bvou.<\/p><p data-start=\"385\" data-end=\"650\">\ud83d\udcbb <strong data-start=\"492\" data-end=\"524\">Propagace online s velk\u00fdm dopadem<\/strong> - V\u00e1\u0161 majetek v\u0161ude, kde na tom z\u00e1le\u017e\u00ed.<\/p><p data-start=\"385\" data-end=\"650\">\ud83d\udcca <strong data-start=\"571\" data-end=\"599\">Chytr\u00e1 tvorba cen a strategie<\/strong> - Z\u00edskejte nejlep\u0161\u00ed cenu d\u00edky marketingu zalo\u017een\u00e9mu na datech.<\/p><p data-start=\"657\" data-end=\"904\"><strong data-start=\"657\" data-end=\"674\">Pro\u010d n\u00e1m d\u016fv\u011b\u0159ovat<\/strong><\/p><p data-start=\"657\" data-end=\"904\">\u26a1 <strong data-start=\"679\" data-end=\"708\">Rychlej\u0161\u00ed prodej, rychlej\u0161\u00ed pron\u00e1jem<\/strong> - V\u011bt\u0161\u00ed z\u00e1jem, lep\u0161\u00ed nab\u00eddky, \u017e\u00e1dn\u00e9 probl\u00e9my.<\/p><p data-start=\"657\" data-end=\"904\">\ud83c\udf0d <strong data-start=\"759\" data-end=\"779\">Maxim\u00e1ln\u00ed expozice<\/strong> - V\u00e1\u0161 v\u00fdpis uvid\u00ed ti spr\u00e1vn\u00ed kupuj\u00edc\u00ed a n\u00e1jemn\u00edci.<\/p><p data-start=\"657\" data-end=\"904\">\u2705 <strong data-start=\"835\" data-end=\"861\">Marketing p\u0159ipraven\u00fd pro v\u00e1s<\/strong> - V\u0161echno zvl\u00e1dneme. Z\u00edsk\u00e1te v\u00fdsledky.<\/p>\t\t\t\t\t\t\t\t<\/div>\n\t\t\t\t<div class=\"elementor-element elementor-element-77235959 elementor-widget elementor-widget-houzez_elementor_space\" data-id=\"77235959\" data-element_type=\"widget\" data-e-type=\"widget\" data-widget_type=\"houzez_elementor_space.default\">\n\t\t\t\t<div class=\"elementor-widget-container\">\n\t\t\t\t\t        <div class=\"houzez-spacer\">\n            <div class=\"houzez-spacer-inner\"><\/div>\n        <\/div>\n        \t\t\t\t<\/div>\n\t\t\t\t<\/div>\n\t\t\t\t\t<\/div>\n\t\t<\/div>\n\t\t\t\t\t<\/div>\n\t\t<\/section>\n\t\t\t\t<div class=\"elementor-element elementor-element-7d1bc533 elementor-widget elementor-widget-heading\" data-id=\"7d1bc533\" data-element_type=\"widget\" data-e-type=\"widget\" data-widget_type=\"heading.default\">\n\t\t\t\t\t<h2 class=\"elementor-heading-title elementor-size-default\">\ud83d\udcee Prod\u00e1vejte nebo pronaj\u00edmejte chyt\u0159eji - za\u010dn\u011bme je\u0161t\u011b dnes!<\/h2>\t\t\t\t<\/div>\n\t\t\t\t<div class=\"elementor-element elementor-element-3bb045f3 elementor-align-center elementor-widget elementor-widget-button\" data-id=\"3bb045f3\" data-element_type=\"widget\" data-e-type=\"widget\" data-widget_type=\"button.default\">\n\t\t\t\t\t\t\t\t\t\t<a class=\"elementor-button elementor-button-link elementor-size-sm\" href=\"https:\/\/albatrostenerife.com\/cs\/poptavkovy-formular-marketing-nemovitosti\/\">\n\t\t\t\t\t\t<span class=\"elementor-button-content-wrapper\">\n\t\t\t\t\t\t\t\t\t<span class=\"elementor-button-text\">Rychlej\u0161\u00ed prodej<\/span>\n\t\t\t\t\t<\/span>\n\t\t\t\t\t<\/a>\n\t\t\t\t\t\t\t\t<\/div>\n\t\t\t\t<div class=\"elementor-element elementor-element-252022f elementor-widget elementor-widget-houzez_elementor_space\" data-id=\"252022f\" data-element_type=\"widget\" data-e-type=\"widget\" data-widget_type=\"houzez_elementor_space.default\">\n\t\t\t\t<div class=\"elementor-widget-container\">\n\t\t\t\t\t        <div class=\"houzez-spacer\">\n            <div class=\"houzez-spacer-inner\"><\/div>\n        <\/div>\n        \t\t\t\t<\/div>\n\t\t\t\t<\/div>\n\t\t\t\t\t<\/div>\n\t\t<\/div>\n\t\t\t\t\t<\/div>\n\t\t<\/section>\n\t\t\t\t<section class=\"elementor-section elementor-top-section elementor-element elementor-element-3720fa9c elementor-section-content-middle elementor-section-full_width elementor-section-height-default elementor-section-height-default\" data-id=\"3720fa9c\" data-element_type=\"section\" data-e-type=\"section\">\n\t\t\t\t\t\t<div class=\"elementor-container elementor-column-gap-default\">\n\t\t\t\t\t<div class=\"elementor-column elementor-col-33 elementor-top-column elementor-element elementor-element-3b11332f\" data-id=\"3b11332f\" data-element_type=\"column\" data-e-type=\"column\">\n\t\t\t<div class=\"elementor-widget-wrap elementor-element-populated\">\n\t\t\t\t\t\t<div class=\"elementor-element elementor-element-53d14ebd elementor-widget elementor-widget-image\" data-id=\"53d14ebd\" data-element_type=\"widget\" data-e-type=\"widget\" data-widget_type=\"image.default\">\n\t\t\t\t\t\t\t\t\t\t\t\t\t\t\t<img fetchpriority=\"high\" decoding=\"async\" width=\"883\" height=\"1024\" src=\"https:\/\/albatrostenerife.com\/wp-content\/uploads\/2025\/08\/Portrait_Optimized_40KB.webp\" class=\"attachment-large size-large wp-image-2187\" alt=\"Mu\u017e v obleku s kr\u00e1tk\u00fdmi \u0161ediv\u00fdmi vlasy.\" srcset=\"https:\/\/albatrostenerife.com\/wp-content\/uploads\/2025\/08\/Portrait_Optimized_40KB.webp 1766w, https:\/\/albatrostenerife.com\/wp-content\/uploads\/2025\/08\/Portrait_Optimized_40KB-1325x1536.webp 1325w\" sizes=\"(max-width: 883px) 100vw, 883px\" \/>\t\t\t\t\t\t\t\t\t\t\t\t\t\t\t<\/div>\n\t\t\t\t\t<\/div>\n\t\t<\/div>\n\t\t\t\t<div class=\"elementor-column elementor-col-66 elementor-top-column elementor-element elementor-element-79468de3\" data-id=\"79468de3\" data-element_type=\"column\" data-e-type=\"column\">\n\t\t\t<div class=\"elementor-widget-wrap elementor-element-populated\">\n\t\t\t\t\t\t<div class=\"elementor-element elementor-element-5fd29a18 elementor-widget elementor-widget-text-editor\" data-id=\"5fd29a18\" data-element_type=\"widget\" data-e-type=\"widget\" data-widget_type=\"text-editor.default\">\n\t\t\t\t\t\t\t\t\t<p>\u00a0<\/p><p><strong>\u201cPom\u00e1h\u00e1m majitel\u016fm nemovitost\u00ed prod\u00e1vat za vy\u0161\u0161\u00ed cenu, pronaj\u00edmat bez stresu a p\u0159il\u00e1kat v\u00e1\u017en\u00e9 z\u00e1jemce - rychle a bez probl\u00e9m\u016f. Postar\u00e1me se o to, aby va\u0161e nemovitost vynikla, aby si j\u00ed lid\u00e9 v\u0161imli a dos\u00e1hli co nejlep\u0161\u00edch v\u00fdsledk\u016f.\u201d<\/strong><\/p>\t\t\t\t\t\t\t\t<\/div>\n\t\t\t\t<div class=\"elementor-element elementor-element-d443594 elementor-icon-list--layout-inline elementor-align-center elementor-list-item-link-full_width elementor-widget elementor-widget-icon-list\" data-id=\"d443594\" data-element_type=\"widget\" data-e-type=\"widget\" data-widget_type=\"icon-list.default\">\n\t\t\t\t\t\t\t<ul class=\"elementor-icon-list-items elementor-inline-items\">\n\t\t\t\t\t\t\t<li class=\"elementor-icon-list-item elementor-inline-item\">\n\t\t\t\t\t\t\t\t\t\t\t<a href=\"tel:+34%20634%20552%20097\">\n\n\t\t\t\t\t\t\t\t\t\t\t\t<span class=\"elementor-icon-list-icon\">\n\t\t\t\t\t\t\t<svg aria-hidden=\"true\" class=\"e-font-icon-svg e-fab-whatsapp\" viewbox=\"0 0 448 512\" xmlns=\"http:\/\/www.w3.org\/2000\/svg\"><path d=\"M380.9 97.1C339 55.1 283.2 32 223.9 32c-122.4 0-222 99.6-222 222 0 39.1 10.2 77.3 29.6 111L0 480l117.7-30.9c32.4 17.7 68.9 27 106.1 27h.1c122.3 0 224.1-99.6 224.1-222 0-59.3-25.2-115-67.1-157zm-157 341.6c-33.2 0-65.7-8.9-94-25.7l-6.7-4-69.8 18.3L72 359.2l-4.4-7c-18.5-29.4-28.2-63.3-28.2-98.2 0-101.7 82.8-184.5 184.6-184.5 49.3 0 95.6 19.2 130.4 54.1 34.8 34.9 56.2 81.2 56.1 130.5 0 101.8-84.9 184.6-186.6 184.6zm101.2-138.2c-5.5-2.8-32.8-16.2-37.9-18-5.1-1.9-8.8-2.8-12.5 2.8-3.7 5.6-14.3 18-17.6 21.8-3.2 3.7-6.5 4.2-12 1.4-32.6-16.3-54-29.1-75.5-66-5.7-9.8 5.7-9.1 16.3-30.3 1.8-3.7.9-6.9-.5-9.7-1.4-2.8-12.5-30.1-17.1-41.2-4.5-10.8-9.1-9.3-12.5-9.5-3.2-.2-6.9-.2-10.6-.2-3.7 0-9.7 1.4-14.8 6.9-5.1 5.6-19.4 19-19.4 46.3 0 27.3 19.9 53.7 22.6 57.4 2.8 3.7 39.1 59.7 94.8 83.8 35.2 15.2 49 16.5 66.6 13.9 10.7-1.6 32.8-13.4 37.4-26.4 4.6-13 4.6-24.1 3.2-26.4-1.3-2.5-5-3.9-10.5-6.6z\"><\/path><\/svg>\t\t\t\t\t\t<\/span>\n\t\t\t\t\t\t\t\t\t\t<span class=\"elementor-icon-list-text\">+34 634 552 097<\/span>\n\t\t\t\t\t\t\t\t\t\t\t<\/a>\n\t\t\t\t\t\t\t\t\t<\/li>\n\t\t\t\t\t\t\t\t<li class=\"elementor-icon-list-item elementor-inline-item\">\n\t\t\t\t\t\t\t\t\t\t\t<span class=\"elementor-icon-list-icon\">\n\t\t\t\t\t\t\t<svg aria-hidden=\"true\" class=\"e-font-icon-svg e-far-envelope\" viewbox=\"0 0 512 512\" xmlns=\"http:\/\/www.w3.org\/2000\/svg\"><path d=\"M464 64H48C21.49 64 0 85.49 0 112v288c0 26.51 21.49 48 48 48h416c26.51 0 48-21.49 48-48V112c0-26.51-21.49-48-48-48zm0 48v40.805c-22.422 18.259-58.168 46.651-134.587 106.49-16.841 13.247-50.201 45.072-73.413 44.701-23.208.375-56.579-31.459-73.413-44.701C106.18 199.465 70.425 171.067 48 152.805V112h416zM48 400V214.398c22.914 18.251 55.409 43.862 104.938 82.646 21.857 17.205 60.134 55.186 103.062 54.955 42.717.231 80.509-37.199 103.053-54.947 49.528-38.783 82.032-64.401 104.947-82.653V400H48z\"><\/path><\/svg>\t\t\t\t\t\t<\/span>\n\t\t\t\t\t\t\t\t\t\t<span class=\"elementor-icon-list-text\">info@albatrostenerife.com<\/span>\n\t\t\t\t\t\t\t\t\t<\/li>\n\t\t\t\t\t\t<\/ul>\n\t\t\t\t\t\t<\/div>\n\t\t\t\t\t<\/div>\n\t\t<\/div>\n\t\t\t\t\t<\/div>\n\t\t<\/section>\n\t\t\t\t<section class=\"elementor-section elementor-top-section elementor-element elementor-element-7636481c elementor-section-boxed elementor-section-height-default elementor-section-height-default\" data-id=\"7636481c\" data-element_type=\"section\" data-e-type=\"section\">\n\t\t\t\t\t\t<div class=\"elementor-container elementor-column-gap-default\">\n\t\t\t\t\t<div class=\"elementor-column elementor-col-100 elementor-top-column elementor-element elementor-element-78878413\" data-id=\"78878413\" data-element_type=\"column\" data-e-type=\"column\">\n\t\t\t<div class=\"elementor-widget-wrap\">\n\t\t\t\t\t\t\t<\/div>\n\t\t<\/div>\n\t\t\t\t\t<\/div>\n\t\t<\/section>\n\t\t\t\t<\/div>","protected":false},"excerpt":{"rendered":"<p>Property Marketing Park albatros real estate More Buyers. Better Offers. Faster Sales. PROVEN PROPERTY MARKETING IN TENERIFE A basic listing won\u2019t sell your property. You need marketing that stops buyers in their tracks, fills your inbox with inquiries, and gets you the best deal\u2014fast. How it Works \ud83d\udcf8 Show-Stopping Photos &amp; Videos \u2013 Make buyers [&hellip;]<\/p>\n","protected":false},"author":1,"featured_media":0,"parent":0,"menu_order":0,"comment_status":"closed","ping_status":"closed","template":"","meta":{"_seopress_robots_primary_cat":"","_seopress_titles_title":"Sell Faster with Proven Tenerife Property Marketing","_seopress_titles_desc":"Get top offers with Park Albatros' proven property marketing. Show-stopping visuals and smart strategies ensure maximum exposure and hassle-free sales.","_seopress_robots_index":"","footnotes":""},"class_list":["post-2877","page","type-page","status-publish","hentry"],"_links":{"self":[{"href":"https:\/\/albatrostenerife.com\/cs\/wp-json\/wp\/v2\/pages\/2877","targetHints":{"allow":["GET"]}}],"collection":[{"href":"https:\/\/albatrostenerife.com\/cs\/wp-json\/wp\/v2\/pages"}],"about":[{"href":"https:\/\/albatrostenerife.com\/cs\/wp-json\/wp\/v2\/types\/page"}],"author":[{"embeddable":true,"href":"https:\/\/albatrostenerife.com\/cs\/wp-json\/wp\/v2\/users\/1"}],"replies":[{"embeddable":true,"href":"https:\/\/albatrostenerife.com\/cs\/wp-json\/wp\/v2\/comments?post=2877"}],"version-history":[{"count":58,"href":"https:\/\/albatrostenerife.com\/cs\/wp-json\/wp\/v2\/pages\/2877\/revisions"}],"predecessor-version":[{"id":4792,"href":"https:\/\/albatrostenerife.com\/cs\/wp-json\/wp\/v2\/pages\/2877\/revisions\/4792"}],"wp:attachment":[{"href":"https:\/\/albatrostenerife.com\/cs\/wp-json\/wp\/v2\/media?parent=2877"}],"curies":[{"name":"wp","href":"https:\/\/api.w.org\/{rel}","templated":true}]}}