{"id":2554,"date":"2025-09-01T20:51:04","date_gmt":"2025-09-01T20:51:04","guid":{"rendered":"https:\/\/albatrostenerife.com\/?page_id=2554"},"modified":"2025-10-29T16:34:18","modified_gmt":"2025-10-29T16:34:18","slug":"ocenovani-nemovitosti","status":"publish","type":"page","link":"https:\/\/albatrostenerife.com\/cs\/property-valuation\/","title":{"rendered":"Oce\u0148ov\u00e1n\u00ed nemovitost\u00ed"},"content":{"rendered":"<div data-elementor-type=\"wp-page\" data-elementor-id=\"2554\" class=\"elementor elementor-2554\">\n\t\t\t\t\t\t<section class=\"elementor-section elementor-top-section elementor-element elementor-element-38a99a1b elementor-section-height-min-height elementor-section-items-bottom elementor-section-stretched elementor-section-full_width elementor-section-height-default\" data-id=\"38a99a1b\" data-element_type=\"section\" data-e-type=\"section\" data-settings=\"{&quot;background_background&quot;:&quot;classic&quot;,&quot;stretch_section&quot;:&quot;section-stretched&quot;,&quot;animation&quot;:&quot;none&quot;}\">\n\t\t\t\t\t\t\t<div class=\"elementor-background-overlay\"><\/div>\n\t\t\t\t\t\t\t<div class=\"elementor-container elementor-column-gap-default\">\n\t\t\t\t\t<div class=\"elementor-column elementor-col-100 elementor-top-column elementor-element elementor-element-41aeb3b7\" data-id=\"41aeb3b7\" data-element_type=\"column\" data-e-type=\"column\">\n\t\t\t<div class=\"elementor-widget-wrap elementor-element-populated\">\n\t\t\t\t\t\t<section class=\"elementor-section elementor-inner-section elementor-element elementor-element-1e4d75ba elementor-section-boxed elementor-section-height-default elementor-section-height-default elementor-invisible\" data-id=\"1e4d75ba\" data-element_type=\"section\" data-e-type=\"section\" data-settings=\"{&quot;animation&quot;:&quot;fadeIn&quot;}\">\n\t\t\t\t\t\t<div class=\"elementor-container elementor-column-gap-default\">\n\t\t\t\t\t<div class=\"elementor-column elementor-col-100 elementor-inner-column elementor-element elementor-element-5dcbc362\" data-id=\"5dcbc362\" data-element_type=\"column\" data-e-type=\"column\">\n\t\t\t<div class=\"elementor-widget-wrap elementor-element-populated\">\n\t\t\t\t\t\t<div class=\"elementor-element elementor-element-57b64358 elementor-widget elementor-widget-houzez_elementor_section_title\" data-id=\"57b64358\" data-element_type=\"widget\" data-e-type=\"widget\" data-widget_type=\"houzez_elementor_section_title.default\">\n\t\t\t\t<div class=\"elementor-widget-container\">\n\t\t\t\t\t            <div class=\"houzez_section_title_wrap section-title-module\">\n                                    <h2 class=\"houzez_section_title\">Oce\u0148ov\u00e1n\u00ed nemovitost\u00ed<\/h2>\n                \n                                    <p class=\"houzez_section_subtitle\">Park albatros nemovitosti<\/p>\n                            <\/div>\n            \t\t\t\t<\/div>\n\t\t\t\t<\/div>\n\t\t\t\t\t<\/div>\n\t\t<\/div>\n\t\t\t\t\t<\/div>\n\t\t<\/section>\n\t\t\t\t<div class=\"elementor-element elementor-element-572af3e elementor-widget elementor-widget-houzez_elementor_space\" data-id=\"572af3e\" data-element_type=\"widget\" data-e-type=\"widget\" data-widget_type=\"houzez_elementor_space.default\">\n\t\t\t\t<div class=\"elementor-widget-container\">\n\t\t\t\t\t        <div class=\"houzez-spacer\">\n            <div class=\"houzez-spacer-inner\"><\/div>\n        <\/div>\n        \t\t\t\t<\/div>\n\t\t\t\t<\/div>\n\t\t\t\t<section class=\"elementor-section elementor-inner-section elementor-element elementor-element-afd6a1f elementor-section-boxed elementor-section-height-default elementor-section-height-default\" data-id=\"afd6a1f\" data-element_type=\"section\" data-e-type=\"section\">\n\t\t\t\t\t\t<div class=\"elementor-container elementor-column-gap-default\">\n\t\t\t\t\t<div class=\"elementor-column elementor-col-100 elementor-inner-column elementor-element elementor-element-2f6e6609\" data-id=\"2f6e6609\" data-element_type=\"column\" data-e-type=\"column\">\n\t\t\t<div class=\"elementor-widget-wrap elementor-element-populated\">\n\t\t\t\t\t\t<div class=\"elementor-element elementor-element-936072a elementor-widget elementor-widget-spacer\" data-id=\"936072a\" data-element_type=\"widget\" data-e-type=\"widget\" data-widget_type=\"spacer.default\">\n\t\t\t\t\t\t\t<div class=\"elementor-spacer\">\n\t\t\t<div class=\"elementor-spacer-inner\"><\/div>\n\t\t<\/div>\n\t\t\t\t\t\t<\/div>\n\t\t\t\t\t<\/div>\n\t\t<\/div>\n\t\t\t\t\t<\/div>\n\t\t<\/section>\n\t\t\t\t\t<\/div>\n\t\t<\/div>\n\t\t\t\t\t<\/div>\n\t\t<\/section>\n\t\t\t\t<section class=\"elementor-section elementor-top-section elementor-element elementor-element-5d1bcb6f elementor-section-stretched elementor-section-boxed elementor-section-height-default elementor-section-height-default elementor-invisible\" data-id=\"5d1bcb6f\" data-element_type=\"section\" data-e-type=\"section\" id=\"about\" data-settings=\"{&quot;stretch_section&quot;:&quot;section-stretched&quot;,&quot;background_background&quot;:&quot;classic&quot;,&quot;animation&quot;:&quot;fadeIn&quot;}\">\n\t\t\t\t\t\t<div class=\"elementor-container elementor-column-gap-default\">\n\t\t\t\t\t<div class=\"elementor-column elementor-col-100 elementor-top-column elementor-element elementor-element-207db0aa\" data-id=\"207db0aa\" data-element_type=\"column\" data-e-type=\"column\">\n\t\t\t<div class=\"elementor-widget-wrap elementor-element-populated\">\n\t\t\t\t\t\t<section class=\"elementor-section elementor-inner-section elementor-element elementor-element-5f2b3ab6 elementor-section-content-middle elementor-section-boxed elementor-section-height-default elementor-section-height-default\" data-id=\"5f2b3ab6\" data-element_type=\"section\" data-e-type=\"section\">\n\t\t\t\t\t\t<div class=\"elementor-container elementor-column-gap-wider\">\n\t\t\t\t\t<div class=\"elementor-column elementor-col-100 elementor-inner-column elementor-element elementor-element-2c749ed\" data-id=\"2c749ed\" data-element_type=\"column\" data-e-type=\"column\">\n\t\t\t<div class=\"elementor-widget-wrap elementor-element-populated\">\n\t\t\t\t\t\t<div class=\"elementor-element elementor-element-4dafe26a elementor-widget elementor-widget-houzez_elementor_section_title\" data-id=\"4dafe26a\" data-element_type=\"widget\" data-e-type=\"widget\" data-widget_type=\"houzez_elementor_section_title.default\">\n\t\t\t\t<div class=\"elementor-widget-container\">\n\t\t\t\t\t            <div class=\"houzez_section_title_wrap section-title-module\">\n                                    <h2 class=\"houzez_section_title\">P\u0159esn\u00e9 ocen\u011bn\u00ed: Kl\u00ed\u010d k \u00fasp\u011b\u0161n\u00e9mu prodeji<\/h2>\n                \n                                    <p class=\"houzez_section_subtitle\">Na\u0161e odbornost, va\u0161e v\u00fdhoda<\/p>\n                            <\/div>\n            \t\t\t\t<\/div>\n\t\t\t\t<\/div>\n\t\t\t\t<div class=\"elementor-element elementor-element-a022e70 elementor-widget elementor-widget-text-editor\" data-id=\"a022e70\" data-element_type=\"widget\" data-e-type=\"widget\" data-widget_type=\"text-editor.default\">\n\t\t\t\t\t\t\t\t\t<p data-start=\"185\" data-end=\"345\">\u00a0D\u00edky hlubok\u00fdm znalostem parku Albatros a tenerifsk\u00e9ho trhu poskytujeme p\u0159esn\u00e9 ocen\u011bn\u00ed nemovitost\u00ed, kter\u00e9 v\u00e1m pom\u016f\u017ee maximalizovat v\u00fdnosy a prodat s jistotou.<\/p><p data-start=\"347\" data-end=\"365\"><strong data-start=\"347\" data-end=\"363\">Jak to funguje<\/strong><\/p><ul data-start=\"366\" data-end=\"555\"><li data-start=\"366\" data-end=\"434\"><p data-start=\"368\" data-end=\"434\">\u2705 <strong>Anal\u00fdza m\u00edstn\u00edho trhu<\/strong> - Vyhodnocujeme aktu\u00e1ln\u00ed trendy a popt\u00e1vku.<\/p><\/li><li data-start=\"435\" data-end=\"494\"><p data-start=\"437\" data-end=\"494\">\u2705 <strong>Posouzen\u00ed stavu nemovitosti<\/strong> - Z\u00e1le\u017e\u00ed na ka\u017ed\u00e9m detailu.<\/p><\/li><li data-start=\"495\" data-end=\"555\"><p data-start=\"497\" data-end=\"555\">\u2705 <strong>Zpr\u00e1va o ocen\u011bn\u00ed na m\u00edru<\/strong> - Na z\u00e1klad\u011b skute\u010dn\u00fdch tr\u017en\u00edch \u00fadaj\u016f.<\/p><\/li><\/ul><p data-start=\"557\" data-end=\"577\"><strong data-start=\"557\" data-end=\"575\">Pro\u010d si vybrat n\u00e1s<\/strong><\/p><ul data-start=\"578\" data-end=\"819\"><li data-start=\"578\" data-end=\"658\"><p data-start=\"580\" data-end=\"658\">\ud83d\udccc<strong> Rychl\u00e9 a p\u0159esn\u00e9 ocen\u011bn\u00ed<\/strong> - Z\u00edskejte skute\u010dn\u00fd p\u0159ehled o hodnot\u011b sv\u00e9 nemovitosti.<\/p><\/li><li data-start=\"659\" data-end=\"740\"><p data-start=\"661\" data-end=\"740\">\ud83d\udccc <strong>Individu\u00e1ln\u00ed p\u0159\u00edstup<\/strong> - Ka\u017ed\u00e1 nemovitost je jedine\u010dn\u00e1, a proto je jedine\u010dn\u00e9 i na\u0161e oce\u0148ov\u00e1n\u00ed.<\/p><\/li><li data-start=\"741\" data-end=\"819\"><p data-start=\"743\" data-end=\"819\">\ud83d\udccc <strong>Odborn\u00e9 poradenstv\u00ed<\/strong> - Tipy, jak zv\u00fd\u0161it hodnotu nemovitosti p\u0159ed prodejem.<\/p><\/li><\/ul>\t\t\t\t\t\t\t\t<\/div>\n\t\t\t\t<div class=\"elementor-element elementor-element-929dc2d elementor-widget elementor-widget-houzez_elementor_space\" data-id=\"929dc2d\" data-element_type=\"widget\" data-e-type=\"widget\" data-widget_type=\"houzez_elementor_space.default\">\n\t\t\t\t<div class=\"elementor-widget-container\">\n\t\t\t\t\t        <div class=\"houzez-spacer\">\n            <div class=\"houzez-spacer-inner\"><\/div>\n        <\/div>\n        \t\t\t\t<\/div>\n\t\t\t\t<\/div>\n\t\t\t\t\t<\/div>\n\t\t<\/div>\n\t\t\t\t\t<\/div>\n\t\t<\/section>\n\t\t\t\t<div class=\"elementor-element elementor-element-d13c2ad elementor-widget elementor-widget-heading\" data-id=\"d13c2ad\" data-element_type=\"widget\" data-e-type=\"widget\" data-widget_type=\"heading.default\">\n\t\t\t\t\t<h2 class=\"elementor-heading-title elementor-size-default\">\u201cPo\u017e\u00e1dejte o bezplatn\u00e9 ocen\u011bn\u00ed nemovitosti je\u0161t\u011b dnes!\u201d<\/h2>\t\t\t\t<\/div>\n\t\t\t\t<div class=\"elementor-element elementor-element-6703226 elementor-align-center elementor-widget elementor-widget-button\" data-id=\"6703226\" data-element_type=\"widget\" data-e-type=\"widget\" data-widget_type=\"button.default\">\n\t\t\t\t\t\t\t\t\t\t<a class=\"elementor-button elementor-button-link elementor-size-sm\" href=\"https:\/\/albatrostenerife.com\/cs\/poptavkovy-formular\/\">\n\t\t\t\t\t\t<span class=\"elementor-button-content-wrapper\">\n\t\t\t\t\t\t\t\t\t<span class=\"elementor-button-text\">Chci odhad<\/span>\n\t\t\t\t\t<\/span>\n\t\t\t\t\t<\/a>\n\t\t\t\t\t\t\t\t<\/div>\n\t\t\t\t<div class=\"elementor-element elementor-element-8c32eaf elementor-widget elementor-widget-houzez_elementor_space\" data-id=\"8c32eaf\" data-element_type=\"widget\" data-e-type=\"widget\" data-widget_type=\"houzez_elementor_space.default\">\n\t\t\t\t<div class=\"elementor-widget-container\">\n\t\t\t\t\t        <div class=\"houzez-spacer\">\n            <div class=\"houzez-spacer-inner\"><\/div>\n        <\/div>\n        \t\t\t\t<\/div>\n\t\t\t\t<\/div>\n\t\t\t\t\t<\/div>\n\t\t<\/div>\n\t\t\t\t\t<\/div>\n\t\t<\/section>\n\t\t\t\t<section class=\"elementor-section elementor-top-section elementor-element elementor-element-37e2596 elementor-section-content-middle elementor-section-full_width elementor-section-height-default elementor-section-height-default\" data-id=\"37e2596\" data-element_type=\"section\" data-e-type=\"section\">\n\t\t\t\t\t\t<div class=\"elementor-container elementor-column-gap-default\">\n\t\t\t\t\t<div class=\"elementor-column elementor-col-33 elementor-top-column elementor-element elementor-element-aeb4013\" data-id=\"aeb4013\" data-element_type=\"column\" data-e-type=\"column\">\n\t\t\t<div class=\"elementor-widget-wrap elementor-element-populated\">\n\t\t\t\t\t\t<div class=\"elementor-element elementor-element-31b33a9 elementor-widget elementor-widget-image\" data-id=\"31b33a9\" data-element_type=\"widget\" data-e-type=\"widget\" data-widget_type=\"image.default\">\n\t\t\t\t\t\t\t\t\t\t\t\t\t\t\t<img fetchpriority=\"high\" decoding=\"async\" width=\"883\" height=\"1024\" src=\"https:\/\/albatrostenerife.com\/wp-content\/uploads\/2025\/08\/Portrait_Optimized_40KB.webp\" class=\"attachment-large size-large wp-image-2187\" alt=\"Mu\u017e v obleku s kr\u00e1tk\u00fdmi \u0161ediv\u00fdmi vlasy.\" srcset=\"https:\/\/albatrostenerife.com\/wp-content\/uploads\/2025\/08\/Portrait_Optimized_40KB.webp 1766w, https:\/\/albatrostenerife.com\/wp-content\/uploads\/2025\/08\/Portrait_Optimized_40KB-1325x1536.webp 1325w\" sizes=\"(max-width: 883px) 100vw, 883px\" \/>\t\t\t\t\t\t\t\t\t\t\t\t\t\t\t<\/div>\n\t\t\t\t\t<\/div>\n\t\t<\/div>\n\t\t\t\t<div class=\"elementor-column elementor-col-66 elementor-top-column elementor-element elementor-element-9c46425\" data-id=\"9c46425\" data-element_type=\"column\" data-e-type=\"column\">\n\t\t\t<div class=\"elementor-widget-wrap elementor-element-populated\">\n\t\t\t\t\t\t<div class=\"elementor-element elementor-element-61b0594 elementor-widget elementor-widget-text-editor\" data-id=\"61b0594\" data-element_type=\"widget\" data-e-type=\"widget\" data-widget_type=\"text-editor.default\">\n\t\t\t\t\t\t\t\t\t<p>\u00a0<\/p><p><strong>\u201c160 byt\u016f Park Albatros prod\u00e1no za pouh\u00fdch 11 m\u011bs\u00edc\u016f - nechte m\u00e9 zku\u0161enosti pracovat za v\u00e1s! D\u00edky hlubok\u00fdm znalostem tenerifsk\u00e9ho trhu poskytuji p\u0159esn\u00e9 ocen\u011bn\u00ed nemovitost\u00ed, kter\u00e9 v\u00e1m pom\u016f\u017ee maximalizovat v\u00fdnosy a prodat s jistotou.\u201d<\/strong><\/p>\t\t\t\t\t\t\t\t<\/div>\n\t\t\t\t<div class=\"elementor-element elementor-element-de5c7a1 elementor-icon-list--layout-inline elementor-align-center elementor-list-item-link-full_width elementor-widget elementor-widget-icon-list\" data-id=\"de5c7a1\" data-element_type=\"widget\" data-e-type=\"widget\" data-widget_type=\"icon-list.default\">\n\t\t\t\t\t\t\t<ul class=\"elementor-icon-list-items elementor-inline-items\">\n\t\t\t\t\t\t\t<li class=\"elementor-icon-list-item elementor-inline-item\">\n\t\t\t\t\t\t\t\t\t\t\t<a href=\"tel:+34%20634%20552%20097\">\n\n\t\t\t\t\t\t\t\t\t\t\t\t<span class=\"elementor-icon-list-icon\">\n\t\t\t\t\t\t\t<svg aria-hidden=\"true\" class=\"e-font-icon-svg e-fab-whatsapp\" viewbox=\"0 0 448 512\" xmlns=\"http:\/\/www.w3.org\/2000\/svg\"><path d=\"M380.9 97.1C339 55.1 283.2 32 223.9 32c-122.4 0-222 99.6-222 222 0 39.1 10.2 77.3 29.6 111L0 480l117.7-30.9c32.4 17.7 68.9 27 106.1 27h.1c122.3 0 224.1-99.6 224.1-222 0-59.3-25.2-115-67.1-157zm-157 341.6c-33.2 0-65.7-8.9-94-25.7l-6.7-4-69.8 18.3L72 359.2l-4.4-7c-18.5-29.4-28.2-63.3-28.2-98.2 0-101.7 82.8-184.5 184.6-184.5 49.3 0 95.6 19.2 130.4 54.1 34.8 34.9 56.2 81.2 56.1 130.5 0 101.8-84.9 184.6-186.6 184.6zm101.2-138.2c-5.5-2.8-32.8-16.2-37.9-18-5.1-1.9-8.8-2.8-12.5 2.8-3.7 5.6-14.3 18-17.6 21.8-3.2 3.7-6.5 4.2-12 1.4-32.6-16.3-54-29.1-75.5-66-5.7-9.8 5.7-9.1 16.3-30.3 1.8-3.7.9-6.9-.5-9.7-1.4-2.8-12.5-30.1-17.1-41.2-4.5-10.8-9.1-9.3-12.5-9.5-3.2-.2-6.9-.2-10.6-.2-3.7 0-9.7 1.4-14.8 6.9-5.1 5.6-19.4 19-19.4 46.3 0 27.3 19.9 53.7 22.6 57.4 2.8 3.7 39.1 59.7 94.8 83.8 35.2 15.2 49 16.5 66.6 13.9 10.7-1.6 32.8-13.4 37.4-26.4 4.6-13 4.6-24.1 3.2-26.4-1.3-2.5-5-3.9-10.5-6.6z\"><\/path><\/svg>\t\t\t\t\t\t<\/span>\n\t\t\t\t\t\t\t\t\t\t<span class=\"elementor-icon-list-text\">+34 634 552 097<\/span>\n\t\t\t\t\t\t\t\t\t\t\t<\/a>\n\t\t\t\t\t\t\t\t\t<\/li>\n\t\t\t\t\t\t\t\t<li class=\"elementor-icon-list-item elementor-inline-item\">\n\t\t\t\t\t\t\t\t\t\t\t<span class=\"elementor-icon-list-icon\">\n\t\t\t\t\t\t\t<svg aria-hidden=\"true\" class=\"e-font-icon-svg e-far-envelope\" viewbox=\"0 0 512 512\" xmlns=\"http:\/\/www.w3.org\/2000\/svg\"><path d=\"M464 64H48C21.49 64 0 85.49 0 112v288c0 26.51 21.49 48 48 48h416c26.51 0 48-21.49 48-48V112c0-26.51-21.49-48-48-48zm0 48v40.805c-22.422 18.259-58.168 46.651-134.587 106.49-16.841 13.247-50.201 45.072-73.413 44.701-23.208.375-56.579-31.459-73.413-44.701C106.18 199.465 70.425 171.067 48 152.805V112h416zM48 400V214.398c22.914 18.251 55.409 43.862 104.938 82.646 21.857 17.205 60.134 55.186 103.062 54.955 42.717.231 80.509-37.199 103.053-54.947 49.528-38.783 82.032-64.401 104.947-82.653V400H48z\"><\/path><\/svg>\t\t\t\t\t\t<\/span>\n\t\t\t\t\t\t\t\t\t\t<span class=\"elementor-icon-list-text\">info@albatrostenerife.com<\/span>\n\t\t\t\t\t\t\t\t\t<\/li>\n\t\t\t\t\t\t<\/ul>\n\t\t\t\t\t\t<\/div>\n\t\t\t\t\t<\/div>\n\t\t<\/div>\n\t\t\t\t\t<\/div>\n\t\t<\/section>\n\t\t\t\t<section class=\"elementor-section elementor-top-section elementor-element elementor-element-b8500b2 elementor-section-boxed elementor-section-height-default elementor-section-height-default\" data-id=\"b8500b2\" data-element_type=\"section\" data-e-type=\"section\">\n\t\t\t\t\t\t<div class=\"elementor-container elementor-column-gap-default\">\n\t\t\t\t\t<div class=\"elementor-column elementor-col-100 elementor-top-column elementor-element elementor-element-0b68cbe\" data-id=\"0b68cbe\" data-element_type=\"column\" data-e-type=\"column\">\n\t\t\t<div class=\"elementor-widget-wrap\">\n\t\t\t\t\t\t\t<\/div>\n\t\t<\/div>\n\t\t\t\t\t<\/div>\n\t\t<\/section>\n\t\t\t\t<\/div>","protected":false},"excerpt":{"rendered":"<p>Property Valuation Park albatros real estate Accurate Valuation: The Key to a Successful Sale Our Expertise, Your Advantage \u00a0With deep knowledge of Park Albatros and Tenerife\u2019s market, we deliver precise property valuations to help you maximize your returns and sell with confidence. How It Works \u2705 Local Market Analysis \u2013 We evaluate current trends and [&hellip;]<\/p>\n","protected":false},"author":1,"featured_media":0,"parent":0,"menu_order":0,"comment_status":"closed","ping_status":"closed","template":"","meta":{"_seopress_robots_primary_cat":"","_seopress_titles_title":"Park Albatros Property Valuation | Free Expert Analysis to Maximize Returns","_seopress_titles_desc":"Maximize returns with precise valuations. Expert insights on Tenerife's market for a confident sale. Request your free valuation today!","_seopress_robots_index":"","footnotes":""},"class_list":["post-2554","page","type-page","status-publish","hentry"],"_links":{"self":[{"href":"https:\/\/albatrostenerife.com\/cs\/wp-json\/wp\/v2\/pages\/2554","targetHints":{"allow":["GET"]}}],"collection":[{"href":"https:\/\/albatrostenerife.com\/cs\/wp-json\/wp\/v2\/pages"}],"about":[{"href":"https:\/\/albatrostenerife.com\/cs\/wp-json\/wp\/v2\/types\/page"}],"author":[{"embeddable":true,"href":"https:\/\/albatrostenerife.com\/cs\/wp-json\/wp\/v2\/users\/1"}],"replies":[{"embeddable":true,"href":"https:\/\/albatrostenerife.com\/cs\/wp-json\/wp\/v2\/comments?post=2554"}],"version-history":[{"count":203,"href":"https:\/\/albatrostenerife.com\/cs\/wp-json\/wp\/v2\/pages\/2554\/revisions"}],"predecessor-version":[{"id":4789,"href":"https:\/\/albatrostenerife.com\/cs\/wp-json\/wp\/v2\/pages\/2554\/revisions\/4789"}],"wp:attachment":[{"href":"https:\/\/albatrostenerife.com\/cs\/wp-json\/wp\/v2\/media?parent=2554"}],"curies":[{"name":"wp","href":"https:\/\/api.w.org\/{rel}","templated":true}]}}